{"id":5238,"date":"2022-03-21T13:53:03","date_gmt":"2022-03-21T13:53:03","guid":{"rendered":"https:\/\/kopie.cebotech.de\/?post_type=product&#038;p=5238"},"modified":"2022-10-26T16:28:31","modified_gmt":"2022-10-26T16:28:31","slug":"induktionsheizer-xperience","status":"publish","type":"product","link":"https:\/\/kopie.cebotech.de\/?product=induktionsheizer-xperience","title":{"rendered":"Induktionsheizer XPERIENCE"},"content":{"rendered":"<h3 class=\"title\">Induktion f\u00fcr Hohlbolzen 22kW<\/h3>\n<div class=\"desc\">Diese Maschine eignet sich besonders f\u00fcr den Einsatz mit Nadelinduktoren (maximale L\u00e4nge 1500mm) zum Anziehen \/ L\u00f6sen von Hohlbolzen beim Bau und der Wartung gro\u00dfer Industrie- und Energieproduktionsanlagen. Es erm\u00f6glicht eine Zeitersparnis von 80% im Vergleich zu herk\u00f6mmlichen Gl\u00fchkerzen, eliminiert das Risiko von Verbrennungen und Stromschl\u00e4gen. Zum Beispiel betr\u00e4gt die Zeit f\u00fcr das L\u00f6sen eines 700 mm-Hohlbolzens weniger als 2 Minuten<\/div>\n","protected":false},"excerpt":{"rendered":"<p>Induktion f\u00fcr Hohlbolzen 22kW Diese Maschine eignet sich besonders f\u00fcr den Einsatz mit Nadelinduktoren (maximale L\u00e4nge 1500mm) zum Anziehen \/ L\u00f6sen von Hohlbolzen beim Bau und der Wartung gro\u00dfer Industrie- und Energieproduktionsanlagen. Es erm\u00f6glicht eine Zeitersparnis von 80% im Vergleich zu herk\u00f6mmlichen Gl\u00fchkerzen, eliminiert das Risiko von Verbrennungen und Stromschl\u00e4gen. Zum Beispiel betr\u00e4gt die Zeit [&hellip;]<\/p>\n","protected":false},"featured_media":0,"template":"","meta":{"ocean_post_layout":"","ocean_both_sidebars_style":"","ocean_both_sidebars_content_width":0,"ocean_both_sidebars_sidebars_width":0,"ocean_sidebar":"0","ocean_second_sidebar":"0","ocean_disable_margins":"enable","ocean_add_body_class":"","ocean_shortcode_before_top_bar":"","ocean_shortcode_after_top_bar":"","ocean_shortcode_before_header":"","ocean_shortcode_after_header":"","ocean_has_shortcode":"","ocean_shortcode_after_title":"","ocean_shortcode_before_footer_widgets":"","ocean_shortcode_after_footer_widgets":"","ocean_shortcode_before_footer_bottom":"","ocean_shortcode_after_footer_bottom":"","ocean_display_top_bar":"off","ocean_display_header":"default","ocean_header_style":"","ocean_center_header_left_menu":"0","ocean_custom_header_template":"0","ocean_custom_logo":0,"ocean_custom_retina_logo":0,"ocean_custom_logo_max_width":0,"ocean_custom_logo_tablet_max_width":0,"ocean_custom_logo_mobile_max_width":0,"ocean_custom_logo_max_height":0,"ocean_custom_logo_tablet_max_height":0,"ocean_custom_logo_mobile_max_height":0,"ocean_header_custom_menu":"0","ocean_menu_typo_font_family":"0","ocean_menu_typo_font_subset":"","ocean_menu_typo_font_size":0,"ocean_menu_typo_font_size_tablet":0,"ocean_menu_typo_font_size_mobile":0,"ocean_menu_typo_font_size_unit":"px","ocean_menu_typo_font_weight":"","ocean_menu_typo_font_weight_tablet":"","ocean_menu_typo_font_weight_mobile":"","ocean_menu_typo_transform":"","ocean_menu_typo_transform_tablet":"","ocean_menu_typo_transform_mobile":"","ocean_menu_typo_line_height":0,"ocean_menu_typo_line_height_tablet":0,"ocean_menu_typo_line_height_mobile":0,"ocean_menu_typo_line_height_unit":"","ocean_menu_typo_spacing":0,"ocean_menu_typo_spacing_tablet":0,"ocean_menu_typo_spacing_mobile":0,"ocean_menu_typo_spacing_unit":"","ocean_menu_link_color":"","ocean_menu_link_color_hover":"","ocean_menu_link_color_active":"","ocean_menu_link_background":"","ocean_menu_link_hover_background":"","ocean_menu_link_active_background":"","ocean_menu_social_links_bg":"","ocean_menu_social_hover_links_bg":"","ocean_menu_social_links_color":"","ocean_menu_social_hover_links_color":"","ocean_disable_title":"on","ocean_disable_heading":"default","ocean_post_title":"","ocean_post_subheading":"","ocean_post_title_style":"","ocean_post_title_background_color":"","ocean_post_title_background":0,"ocean_post_title_bg_image_position":"","ocean_post_title_bg_image_attachment":"","ocean_post_title_bg_image_repeat":"","ocean_post_title_bg_image_size":"","ocean_post_title_height":0,"ocean_post_title_bg_overlay":0.5,"ocean_post_title_bg_overlay_color":"","ocean_disable_breadcrumbs":"default","ocean_breadcrumbs_color":"","ocean_breadcrumbs_separator_color":"","ocean_breadcrumbs_links_color":"","ocean_breadcrumbs_links_hover_color":"","ocean_display_footer_widgets":"off","ocean_display_footer_bottom":"default","ocean_custom_footer_template":"0"},"product_brand":[],"product_cat":[235,207],"product_tag":[],"class_list":{"0":"post-5238","1":"product","2":"type-product","3":"status-publish","5":"product_cat-produkte-induktionserwaermungssysteme-handwerk","6":"product_cat-produkte-induktionserwaermungssysteme","8":"entry","10":"first","11":"instock","12":"virtual","13":"purchasable","14":"product-type-simple","15":"has-product-nav","16":"col","17":"span_1_of_3","18":"owp-content-center","19":"owp-thumbs-layout-horizontal","20":"owp-btn-normal","21":"owp-tabs-layout-horizontal","22":"has-no-thumbnails"},"jetpack_sharing_enabled":true,"_links":{"self":[{"href":"https:\/\/kopie.cebotech.de\/index.php?rest_route=\/wp\/v2\/product\/5238","targetHints":{"allow":["GET"]}}],"collection":[{"href":"https:\/\/kopie.cebotech.de\/index.php?rest_route=\/wp\/v2\/product"}],"about":[{"href":"https:\/\/kopie.cebotech.de\/index.php?rest_route=\/wp\/v2\/types\/product"}],"wp:attachment":[{"href":"https:\/\/kopie.cebotech.de\/index.php?rest_route=%2Fwp%2Fv2%2Fmedia&parent=5238"}],"wp:term":[{"taxonomy":"product_brand","embeddable":true,"href":"https:\/\/kopie.cebotech.de\/index.php?rest_route=%2Fwp%2Fv2%2Fproduct_brand&post=5238"},{"taxonomy":"product_cat","embeddable":true,"href":"https:\/\/kopie.cebotech.de\/index.php?rest_route=%2Fwp%2Fv2%2Fproduct_cat&post=5238"},{"taxonomy":"product_tag","embeddable":true,"href":"https:\/\/kopie.cebotech.de\/index.php?rest_route=%2Fwp%2Fv2%2Fproduct_tag&post=5238"}],"curies":[{"name":"wp","href":"https:\/\/api.w.org\/{rel}","templated":true}]}}