{"id":5239,"date":"2022-03-21T13:55:01","date_gmt":"2022-03-21T13:55:01","guid":{"rendered":"https:\/\/kopie.cebotech.de\/?post_type=product&#038;p=5239"},"modified":"2022-10-26T16:28:31","modified_gmt":"2022-10-26T16:28:31","slug":"induktionsheizer-twin16","status":"publish","type":"product","link":"https:\/\/kopie.cebotech.de\/?product=induktionsheizer-twin16","title":{"rendered":"Induktionsheizer TWIN16+"},"content":{"rendered":"<p class=\"font_7\">Maschine mit einem Doppel-Erw\u00e4rmungssystem, um an mehreren Stellen gleichzeitig arbeiten zu k\u00f6nnen oder dem zu bearbeitenden Einzelst\u00fcck mehr Energie zuzuf\u00fchren.<\/p>\n<p class=\"font_7\">Die TWIN POWER Serie von Induktionserhitzern f\u00fcr Eisenmaterialien und Aluminium wurde entwickelt, um auf die Bed\u00fcrfnisse der innovativsten Werkst\u00e4tten einzugehen und die schwierigsten Arbeiten durchzuf\u00fchren: Mit einem TWIN POWER Induktionserw\u00e4rmer k\u00f6nnen Sie mehrere Punkte eines einzelnen St\u00fccks GLEICHZEITIG erhitzen wodurch dieser Vorgang in k\u00fcrzerer Zeit und auf einfachere Weise durchgef\u00fchrt werden kann.<\/p>\n<p class=\"font_7\">Diese Serie von Induktionserhitzern, die entwickelt wurde, um die beste Leistung und Zuverl\u00e4ssigkeit zu garantieren, wird f\u00fcr die schwersten und schwierigsten Arbeiten empfohlen.<\/p>\n<p class=\"font_7\">Sie wird industriellen Karosserien, Industrien und gro\u00dfen, mechanischen Werkst\u00e4tten empfohlen.<\/p>\n<p class=\"font_8\" dir=\"ltr\">All\u00a0unsere Maschinen sind mit einem\u00a0<span class=\"color_3\">Isolierungstransformator<\/span>\u00a0ausgestattet, um den Betreiber die gr\u00f63te Sicherheit zu gew\u00e4hrleisten, auch in den ung\u00fcnstigsten Situationen.<\/p>\n","protected":false},"excerpt":{"rendered":"<p>Maschine mit einem Doppel-Erw\u00e4rmungssystem, um an mehreren Stellen gleichzeitig arbeiten zu k\u00f6nnen oder dem zu bearbeitenden Einzelst\u00fcck mehr Energie zuzuf\u00fchren. Die TWIN POWER Serie von Induktionserhitzern f\u00fcr Eisenmaterialien und Aluminium wurde entwickelt, um auf die Bed\u00fcrfnisse der innovativsten Werkst\u00e4tten einzugehen und die schwierigsten Arbeiten durchzuf\u00fchren: Mit einem TWIN POWER Induktionserw\u00e4rmer k\u00f6nnen Sie mehrere Punkte eines [&hellip;]<\/p>\n","protected":false},"featured_media":8086,"template":"","meta":{"ocean_post_layout":"","ocean_both_sidebars_style":"","ocean_both_sidebars_content_width":0,"ocean_both_sidebars_sidebars_width":0,"ocean_sidebar":"0","ocean_second_sidebar":"0","ocean_disable_margins":"enable","ocean_add_body_class":"","ocean_shortcode_before_top_bar":"","ocean_shortcode_after_top_bar":"","ocean_shortcode_before_header":"","ocean_shortcode_after_header":"","ocean_has_shortcode":"","ocean_shortcode_after_title":"","ocean_shortcode_before_footer_widgets":"","ocean_shortcode_after_footer_widgets":"","ocean_shortcode_before_footer_bottom":"","ocean_shortcode_after_footer_bottom":"","ocean_display_top_bar":"off","ocean_display_header":"default","ocean_header_style":"","ocean_center_header_left_menu":"0","ocean_custom_header_template":"0","ocean_custom_logo":0,"ocean_custom_retina_logo":0,"ocean_custom_logo_max_width":0,"ocean_custom_logo_tablet_max_width":0,"ocean_custom_logo_mobile_max_width":0,"ocean_custom_logo_max_height":0,"ocean_custom_logo_tablet_max_height":0,"ocean_custom_logo_mobile_max_height":0,"ocean_header_custom_menu":"0","ocean_menu_typo_font_family":"0","ocean_menu_typo_font_subset":"","ocean_menu_typo_font_size":0,"ocean_menu_typo_font_size_tablet":0,"ocean_menu_typo_font_size_mobile":0,"ocean_menu_typo_font_size_unit":"px","ocean_menu_typo_font_weight":"","ocean_menu_typo_font_weight_tablet":"","ocean_menu_typo_font_weight_mobile":"","ocean_menu_typo_transform":"","ocean_menu_typo_transform_tablet":"","ocean_menu_typo_transform_mobile":"","ocean_menu_typo_line_height":0,"ocean_menu_typo_line_height_tablet":0,"ocean_menu_typo_line_height_mobile":0,"ocean_menu_typo_line_height_unit":"","ocean_menu_typo_spacing":0,"ocean_menu_typo_spacing_tablet":0,"ocean_menu_typo_spacing_mobile":0,"ocean_menu_typo_spacing_unit":"","ocean_menu_link_color":"","ocean_menu_link_color_hover":"","ocean_menu_link_color_active":"","ocean_menu_link_background":"","ocean_menu_link_hover_background":"","ocean_menu_link_active_background":"","ocean_menu_social_links_bg":"","ocean_menu_social_hover_links_bg":"","ocean_menu_social_links_color":"","ocean_menu_social_hover_links_color":"","ocean_disable_title":"on","ocean_disable_heading":"default","ocean_post_title":"","ocean_post_subheading":"","ocean_post_title_style":"","ocean_post_title_background_color":"","ocean_post_title_background":0,"ocean_post_title_bg_image_position":"","ocean_post_title_bg_image_attachment":"","ocean_post_title_bg_image_repeat":"","ocean_post_title_bg_image_size":"","ocean_post_title_height":0,"ocean_post_title_bg_overlay":0.5,"ocean_post_title_bg_overlay_color":"","ocean_disable_breadcrumbs":"default","ocean_breadcrumbs_color":"","ocean_breadcrumbs_separator_color":"","ocean_breadcrumbs_links_color":"","ocean_breadcrumbs_links_hover_color":"","ocean_display_footer_widgets":"off","ocean_display_footer_bottom":"default","ocean_custom_footer_template":"0"},"product_brand":[],"product_cat":[255,235,207],"product_tag":[],"class_list":{"0":"post-5239","1":"product","2":"type-product","3":"status-publish","4":"has-post-thumbnail","6":"product_cat-produkt-teknel-batteriebetrieben","7":"product_cat-produkte-induktionserwaermungssysteme-handwerk","8":"product_cat-produkte-induktionserwaermungssysteme","10":"entry","11":"has-media","13":"first","14":"instock","15":"virtual","16":"purchasable","17":"product-type-simple","18":"has-product-nav","19":"col","20":"span_1_of_3","21":"owp-content-center","22":"owp-thumbs-layout-horizontal","23":"owp-btn-normal","24":"owp-tabs-layout-horizontal","25":"has-no-thumbnails"},"jetpack_sharing_enabled":true,"_links":{"self":[{"href":"https:\/\/kopie.cebotech.de\/index.php?rest_route=\/wp\/v2\/product\/5239","targetHints":{"allow":["GET"]}}],"collection":[{"href":"https:\/\/kopie.cebotech.de\/index.php?rest_route=\/wp\/v2\/product"}],"about":[{"href":"https:\/\/kopie.cebotech.de\/index.php?rest_route=\/wp\/v2\/types\/product"}],"wp:featuredmedia":[{"embeddable":true,"href":"https:\/\/kopie.cebotech.de\/index.php?rest_route=\/wp\/v2\/media\/8086"}],"wp:attachment":[{"href":"https:\/\/kopie.cebotech.de\/index.php?rest_route=%2Fwp%2Fv2%2Fmedia&parent=5239"}],"wp:term":[{"taxonomy":"product_brand","embeddable":true,"href":"https:\/\/kopie.cebotech.de\/index.php?rest_route=%2Fwp%2Fv2%2Fproduct_brand&post=5239"},{"taxonomy":"product_cat","embeddable":true,"href":"https:\/\/kopie.cebotech.de\/index.php?rest_route=%2Fwp%2Fv2%2Fproduct_cat&post=5239"},{"taxonomy":"product_tag","embeddable":true,"href":"https:\/\/kopie.cebotech.de\/index.php?rest_route=%2Fwp%2Fv2%2Fproduct_tag&post=5239"}],"curies":[{"name":"wp","href":"https:\/\/api.w.org\/{rel}","templated":true}]}}