{"id":561,"date":"2021-10-21T09:45:16","date_gmt":"2021-10-21T09:45:16","guid":{"rendered":"https:\/\/kopie.cebotech.de\/?post_type=product&#038;p=561"},"modified":"2022-10-26T16:44:18","modified_gmt":"2022-10-26T16:44:18","slug":"induktionsheizer-inductor-energy","status":"publish","type":"product","link":"https:\/\/kopie.cebotech.de\/?product=induktionsheizer-inductor-energy","title":{"rendered":"Induktionsheizer Inductor Energy"},"content":{"rendered":"<div class=\"contentelement\">\n<div id=\"c2423\" class=\"csc-default\">\n<div class=\"csc-textpic csc-textpic-intext-left\">\n<div class=\"csc-textpic-text\">\n<p>Der Induktionsheizer\u00a0<b>Inductor Energy\u00a0<\/b>ist ein revolution\u00e4res Demontagekonzept f\u00fcr die KFZ-Werkstatt.<\/p>\n<p>Mit Hilfe des Inductor Energy k\u00f6nnen beispielsweise geklebte Karosserieteile entfernt werden.<\/p>\n<p>Der Inductor Energy ist ein System das mittels Induktionsw\u00e4rme eine hohe Leistung erbringt, speziell f\u00fcr den europ\u00e4ischen Markt entwickelt wurde und CE zertifiziert ist.<br \/>\nDie ergonomisch geformten Werkzeuge sind aus hochwertigem, sto\u00dffestem Kunststoff. Das universelle Design und die abgerundeten Kanten erm\u00f6glichen die Bearbeitung verschiedener Umrisse und Formen.<br \/>\nMit den Werkzeugen Heat Pad (U-211), Glass Releaser (U-311) und Heat Concentrator (U-411) wurde ein optimales Werkzeug\u00a0entwickelt, das langlebig und anwenderfreundlich ist.<br \/>\nDer Inductor Energy ist damit ein unersetzliches Werkzeug in jeder Autoreparatur- und Autoglaswerkstatt.<\/p>\n<\/div>\n<\/div>\n<\/div>\n<div class=\"clearer\"><\/div>\n<\/div>\n<div class=\"contentelement\">\n<div id=\"c2425\" class=\"csc-default\">\n<div class=\"csc-header csc-header-n2\">\n<h4>Vorteile und Einsatzgebiete<\/h4>\n<\/div>\n<ul>\n<li>senkt die Arbeitskosten<\/li>\n<li>erm\u00f6glicht die Wiederverwendung der demontierten Komponenten<\/li>\n<li>erw\u00e4rmt Stahl und Aluminium<\/li>\n<li>gl\u00fcht spannungsfrei Karosserie- und Chassisteile<\/li>\n<li>erw\u00e4rmt festgerostete Bolzen und Muttern<\/li>\n<li>vereinfacht die Lagermontage und -demontage<\/li>\n<li>entfernt alles was mit Stahl oder Aluminium verklebt ist, wie zum Beipiel:\n<ul>\n<li>geklebtes Glas<\/li>\n<li>geklebte Bauteile<\/li>\n<li>Aufkleber, Klebestreifen und Zierleisten<\/li>\n<li>Typenschilder<\/li>\n<li>feuchtigkeitsabweisende Folien<\/li>\n<\/ul>\n<\/li>\n<\/ul>\n<p>&nbsp;<\/p>\n<\/div>\n<p><strong>Produktinformation<\/strong> hier <a href=\"https:\/\/kopie.cebotech.de\/wp-content\/uploads\/2021\/10\/Inductor_Energy_mailer.pdf\">downloaden<\/a>.<\/p>\n<\/div>\n<div class=\"csc-header csc-header-n4\">\n<h4><\/h4>\n<h4>Optionales Zubeh\u00f6r<\/h4>\n<\/div>\n<ul>\n<li>Rosebud U 511 (Art.Nr. 010-2000511)<\/li>\n<li>Kunststoffkeil\/Spachtel 3 Stk. (Art.Nr. 010-2000603)<\/li>\n<li>Thermal Tape 10 Stk. (Art.Nr. 010-2000601)<\/li>\n<\/ul>\n","protected":false},"excerpt":{"rendered":"<p>Der Induktionsheizer\u00a0Inductor Energy\u00a0ist ein revolution\u00e4res Demontagekonzept f\u00fcr die KFZ-Werkstatt. Mit Hilfe des Inductor Energy k\u00f6nnen beispielsweise geklebte Karosserieteile entfernt werden. Der Inductor Energy ist ein System das mittels Induktionsw\u00e4rme eine hohe Leistung erbringt, speziell f\u00fcr den europ\u00e4ischen Markt entwickelt wurde und CE zertifiziert ist. Die ergonomisch geformten Werkzeuge sind aus hochwertigem, sto\u00dffestem Kunststoff. Das universelle [&hellip;]<\/p>\n","protected":false},"featured_media":564,"template":"","meta":{"ocean_post_layout":"","ocean_both_sidebars_style":"","ocean_both_sidebars_content_width":0,"ocean_both_sidebars_sidebars_width":0,"ocean_sidebar":"0","ocean_second_sidebar":"0","ocean_disable_margins":"enable","ocean_add_body_class":"","ocean_shortcode_before_top_bar":"","ocean_shortcode_after_top_bar":"","ocean_shortcode_before_header":"","ocean_shortcode_after_header":"","ocean_has_shortcode":"","ocean_shortcode_after_title":"","ocean_shortcode_before_footer_widgets":"","ocean_shortcode_after_footer_widgets":"","ocean_shortcode_before_footer_bottom":"","ocean_shortcode_after_footer_bottom":"","ocean_display_top_bar":"off","ocean_display_header":"default","ocean_header_style":"","ocean_center_header_left_menu":"0","ocean_custom_header_template":"0","ocean_custom_logo":0,"ocean_custom_retina_logo":0,"ocean_custom_logo_max_width":0,"ocean_custom_logo_tablet_max_width":0,"ocean_custom_logo_mobile_max_width":0,"ocean_custom_logo_max_height":0,"ocean_custom_logo_tablet_max_height":0,"ocean_custom_logo_mobile_max_height":0,"ocean_header_custom_menu":"0","ocean_menu_typo_font_family":"0","ocean_menu_typo_font_subset":"","ocean_menu_typo_font_size":0,"ocean_menu_typo_font_size_tablet":0,"ocean_menu_typo_font_size_mobile":0,"ocean_menu_typo_font_size_unit":"px","ocean_menu_typo_font_weight":"","ocean_menu_typo_font_weight_tablet":"","ocean_menu_typo_font_weight_mobile":"","ocean_menu_typo_transform":"","ocean_menu_typo_transform_tablet":"","ocean_menu_typo_transform_mobile":"","ocean_menu_typo_line_height":0,"ocean_menu_typo_line_height_tablet":0,"ocean_menu_typo_line_height_mobile":0,"ocean_menu_typo_line_height_unit":"","ocean_menu_typo_spacing":0,"ocean_menu_typo_spacing_tablet":0,"ocean_menu_typo_spacing_mobile":0,"ocean_menu_typo_spacing_unit":"","ocean_menu_link_color":"","ocean_menu_link_color_hover":"","ocean_menu_link_color_active":"","ocean_menu_link_background":"","ocean_menu_link_hover_background":"","ocean_menu_link_active_background":"","ocean_menu_social_links_bg":"","ocean_menu_social_hover_links_bg":"","ocean_menu_social_links_color":"","ocean_menu_social_hover_links_color":"","ocean_disable_title":"on","ocean_disable_heading":"default","ocean_post_title":"","ocean_post_subheading":"","ocean_post_title_style":"","ocean_post_title_background_color":"","ocean_post_title_background":0,"ocean_post_title_bg_image_position":"","ocean_post_title_bg_image_attachment":"","ocean_post_title_bg_image_repeat":"","ocean_post_title_bg_image_size":"","ocean_post_title_height":0,"ocean_post_title_bg_overlay":0.5,"ocean_post_title_bg_overlay_color":"","ocean_disable_breadcrumbs":"default","ocean_breadcrumbs_color":"","ocean_breadcrumbs_separator_color":"","ocean_breadcrumbs_links_color":"","ocean_breadcrumbs_links_hover_color":"","ocean_display_footer_widgets":"off","ocean_display_footer_bottom":"default","ocean_custom_footer_template":"0"},"product_brand":[],"product_cat":[129],"product_tag":[],"class_list":{"0":"post-561","1":"product","2":"type-product","3":"status-publish","4":"has-post-thumbnail","6":"product_cat-produkte-induktionserwaermen","8":"entry","9":"has-media","11":"first","12":"instock","13":"virtual","14":"purchasable","15":"product-type-simple","16":"has-product-nav","17":"col","18":"span_1_of_3","19":"owp-content-center","20":"owp-thumbs-layout-horizontal","21":"owp-btn-normal","22":"owp-tabs-layout-horizontal"},"jetpack_sharing_enabled":true,"_links":{"self":[{"href":"https:\/\/kopie.cebotech.de\/index.php?rest_route=\/wp\/v2\/product\/561","targetHints":{"allow":["GET"]}}],"collection":[{"href":"https:\/\/kopie.cebotech.de\/index.php?rest_route=\/wp\/v2\/product"}],"about":[{"href":"https:\/\/kopie.cebotech.de\/index.php?rest_route=\/wp\/v2\/types\/product"}],"wp:featuredmedia":[{"embeddable":true,"href":"https:\/\/kopie.cebotech.de\/index.php?rest_route=\/wp\/v2\/media\/564"}],"wp:attachment":[{"href":"https:\/\/kopie.cebotech.de\/index.php?rest_route=%2Fwp%2Fv2%2Fmedia&parent=561"}],"wp:term":[{"taxonomy":"product_brand","embeddable":true,"href":"https:\/\/kopie.cebotech.de\/index.php?rest_route=%2Fwp%2Fv2%2Fproduct_brand&post=561"},{"taxonomy":"product_cat","embeddable":true,"href":"https:\/\/kopie.cebotech.de\/index.php?rest_route=%2Fwp%2Fv2%2Fproduct_cat&post=561"},{"taxonomy":"product_tag","embeddable":true,"href":"https:\/\/kopie.cebotech.de\/index.php?rest_route=%2Fwp%2Fv2%2Fproduct_tag&post=561"}],"curies":[{"name":"wp","href":"https:\/\/api.w.org\/{rel}","templated":true}]}}