{"id":580,"date":"2021-10-22T09:30:40","date_gmt":"2021-10-22T09:30:40","guid":{"rendered":"https:\/\/kopie.cebotech.de\/?post_type=product&#038;p=580"},"modified":"2022-10-26T16:44:06","modified_gmt":"2022-10-26T16:44:06","slug":"tack-welder","status":"publish","type":"product","link":"https:\/\/kopie.cebotech.de\/?product=tack-welder","title":{"rendered":"Tack Welder"},"content":{"rendered":"<table width=\"100%\">\n<tbody>\n<tr>\n<td>Kunststoff-Reparatur-Kit<br \/>\nDer Tack Welder ist ein innovatives Werkzeug zum schnellen Reparieren von gebrochenen Bauteilen aus Kunststoff. Voraussetzung ist eine Materialmindestst\u00e4rke von 1mm. Es k\u00f6nnen praktisch alle thermoplastischen Kunststoffe bearbeitet werden. Nicht geeignet sind nur Duroplaste und glasfaserverst\u00e4rkte Thermoplaste mit einem Glasanteil von 40% oder mehr, sowie Carbon.Durch die unkomplizierte Materialunterscheidung &#8211; weicher, mittlerer und harter Kunststoff &#8211; und die einfache und schnelle Anwendung, ist der Tack Welder \u00e4u\u00dferst benutzerfreundlich in seiner Handhabung.An der Bruchstelle werden hei\u00dfe Edelstahlklammern eingeschmolzen, die nach dem Abk\u00fchlen wieder eine feste und dauerhafte Verbindung gew\u00e4hrleisten. \u00dcberstehende Klammerenden werden abgezwickt und bei Bedarf verschliffen. Damit ist es beispielsweise m\u00f6glich, abgebrochene Halterungen an Scheinwerfern wieder anzuheften. Ebenfalls ist das Ger\u00e4t zum Klammern von Rissen in Sto\u00dfstangen, K\u00fchlergrills, Abdeckungen etc. geeignet.Produktinformation hier <a href=\"https:\/\/kopie.cebotech.de\/wp-content\/uploads\/2021\/10\/Prospekt-Tack-Welder-1.pdf\">downloaden<\/a>.<\/td>\n<\/tr>\n<\/tbody>\n<\/table>\n","protected":false},"excerpt":{"rendered":"<p>Kunststoff-Reparatur-Kit Der Tack Welder ist ein innovatives Werkzeug zum schnellen Reparieren von gebrochenen Bauteilen aus Kunststoff. Voraussetzung ist eine Materialmindestst\u00e4rke von 1mm. Es k\u00f6nnen praktisch alle thermoplastischen Kunststoffe bearbeitet werden. Nicht geeignet sind nur Duroplaste und glasfaserverst\u00e4rkte Thermoplaste mit einem Glasanteil von 40% oder mehr, sowie Carbon.Durch die unkomplizierte Materialunterscheidung &#8211; weicher, mittlerer und harter [&hellip;]<\/p>\n","protected":false},"featured_media":3484,"template":"","meta":{"ocean_post_layout":"","ocean_both_sidebars_style":"","ocean_both_sidebars_content_width":0,"ocean_both_sidebars_sidebars_width":0,"ocean_sidebar":"0","ocean_second_sidebar":"0","ocean_disable_margins":"enable","ocean_add_body_class":"","ocean_shortcode_before_top_bar":"","ocean_shortcode_after_top_bar":"","ocean_shortcode_before_header":"","ocean_shortcode_after_header":"","ocean_has_shortcode":"","ocean_shortcode_after_title":"","ocean_shortcode_before_footer_widgets":"","ocean_shortcode_after_footer_widgets":"","ocean_shortcode_before_footer_bottom":"","ocean_shortcode_after_footer_bottom":"","ocean_display_top_bar":"off","ocean_display_header":"default","ocean_header_style":"","ocean_center_header_left_menu":"0","ocean_custom_header_template":"0","ocean_custom_logo":0,"ocean_custom_retina_logo":0,"ocean_custom_logo_max_width":0,"ocean_custom_logo_tablet_max_width":0,"ocean_custom_logo_mobile_max_width":0,"ocean_custom_logo_max_height":0,"ocean_custom_logo_tablet_max_height":0,"ocean_custom_logo_mobile_max_height":0,"ocean_header_custom_menu":"0","ocean_menu_typo_font_family":"0","ocean_menu_typo_font_subset":"","ocean_menu_typo_font_size":0,"ocean_menu_typo_font_size_tablet":0,"ocean_menu_typo_font_size_mobile":0,"ocean_menu_typo_font_size_unit":"px","ocean_menu_typo_font_weight":"","ocean_menu_typo_font_weight_tablet":"","ocean_menu_typo_font_weight_mobile":"","ocean_menu_typo_transform":"","ocean_menu_typo_transform_tablet":"","ocean_menu_typo_transform_mobile":"","ocean_menu_typo_line_height":0,"ocean_menu_typo_line_height_tablet":0,"ocean_menu_typo_line_height_mobile":0,"ocean_menu_typo_line_height_unit":"","ocean_menu_typo_spacing":0,"ocean_menu_typo_spacing_tablet":0,"ocean_menu_typo_spacing_mobile":0,"ocean_menu_typo_spacing_unit":"","ocean_menu_link_color":"","ocean_menu_link_color_hover":"","ocean_menu_link_color_active":"","ocean_menu_link_background":"","ocean_menu_link_hover_background":"","ocean_menu_link_active_background":"","ocean_menu_social_links_bg":"","ocean_menu_social_hover_links_bg":"","ocean_menu_social_links_color":"","ocean_menu_social_hover_links_color":"","ocean_disable_title":"on","ocean_disable_heading":"default","ocean_post_title":"","ocean_post_subheading":"","ocean_post_title_style":"","ocean_post_title_background_color":"","ocean_post_title_background":0,"ocean_post_title_bg_image_position":"","ocean_post_title_bg_image_attachment":"","ocean_post_title_bg_image_repeat":"","ocean_post_title_bg_image_size":"","ocean_post_title_height":0,"ocean_post_title_bg_overlay":0.5,"ocean_post_title_bg_overlay_color":"","ocean_disable_breadcrumbs":"default","ocean_breadcrumbs_color":"","ocean_breadcrumbs_separator_color":"","ocean_breadcrumbs_links_color":"","ocean_breadcrumbs_links_hover_color":"","ocean_display_footer_widgets":"off","ocean_display_footer_bottom":"default","ocean_custom_footer_template":"0"},"product_brand":[],"product_cat":[138],"product_tag":[],"class_list":{"0":"post-580","1":"product","2":"type-product","3":"status-publish","4":"has-post-thumbnail","6":"product_cat-produkte-kunststoff-reparieren","8":"entry","9":"has-media","11":"first","12":"instock","13":"virtual","14":"purchasable","15":"product-type-simple","16":"has-product-nav","17":"col","18":"span_1_of_3","19":"owp-content-center","20":"owp-thumbs-layout-horizontal","21":"owp-btn-normal","22":"owp-tabs-layout-horizontal"},"jetpack_sharing_enabled":true,"_links":{"self":[{"href":"https:\/\/kopie.cebotech.de\/index.php?rest_route=\/wp\/v2\/product\/580","targetHints":{"allow":["GET"]}}],"collection":[{"href":"https:\/\/kopie.cebotech.de\/index.php?rest_route=\/wp\/v2\/product"}],"about":[{"href":"https:\/\/kopie.cebotech.de\/index.php?rest_route=\/wp\/v2\/types\/product"}],"wp:featuredmedia":[{"embeddable":true,"href":"https:\/\/kopie.cebotech.de\/index.php?rest_route=\/wp\/v2\/media\/3484"}],"wp:attachment":[{"href":"https:\/\/kopie.cebotech.de\/index.php?rest_route=%2Fwp%2Fv2%2Fmedia&parent=580"}],"wp:term":[{"taxonomy":"product_brand","embeddable":true,"href":"https:\/\/kopie.cebotech.de\/index.php?rest_route=%2Fwp%2Fv2%2Fproduct_brand&post=580"},{"taxonomy":"product_cat","embeddable":true,"href":"https:\/\/kopie.cebotech.de\/index.php?rest_route=%2Fwp%2Fv2%2Fproduct_cat&post=580"},{"taxonomy":"product_tag","embeddable":true,"href":"https:\/\/kopie.cebotech.de\/index.php?rest_route=%2Fwp%2Fv2%2Fproduct_tag&post=580"}],"curies":[{"name":"wp","href":"https:\/\/api.w.org\/{rel}","templated":true}]}}