{"id":636,"date":"2021-10-22T10:02:54","date_gmt":"2021-10-22T10:02:54","guid":{"rendered":"https:\/\/kopie.cebotech.de\/?post_type=product&#038;p=636"},"modified":"2022-10-26T16:44:05","modified_gmt":"2022-10-26T16:44:05","slug":"ultra-spot-digi-c","status":"publish","type":"product","link":"https:\/\/kopie.cebotech.de\/?product=ultra-spot-digi-c","title":{"rendered":"ULTRA SPOT DIGI-C"},"content":{"rendered":"<p>Der Ausbeulspotter <strong>ULTRA SPOT DIGI-C<\/strong> ist geeignet f\u00fcr Karosseriereparaturen an Blechen aus Stahl und Aluminium. Er zeichnet sich aus durch einfachste Bedienung sowie individuell anpassbare Anwendungsm\u00f6glichkeiten und bietet dabei herausragende Vorteile:<br \/>\n\u25fc Kein Verbrennen des Korrosionsschutzes durch \u00dcberhitzung bei optimaler Einstellung<br \/>\n\u25fc Aufschwei\u00dfen von Zugelementen auf Bleche bis 2mm Dicke<br \/>\n\u25fc Schnellausbeulen mit dem Gleithammer mit extrem standfester \u201eSuperelektrode\u201c<br \/>\n\u25fc Langes, flexibles und leichtes Verbindungskabel (4m) zwischen Pistole und Leistungsteil, optional verl\u00e4ngerbar bis 10m<br \/>\n\u25fc Leichtes, d\u00fcnnes (25mm\u00b2) und langes (4m) Massekabel, optional verl\u00e4ngerbar bis 10m<br \/>\n\u25fc Anschluss an jeder 230V Netzsteckdose, da nur 10A (tr\u00e4ge) Absicherung erforderlich<br \/>\n\u25fc Durch manuelle oder automatische Ausl\u00f6sung des Schwei\u00dfstroms bei Ber\u00fchren des Bleches optimal geeignet auch f\u00fcr Ausbeulsysteme mit Schnellanschluss ohne Ausl\u00f6seknopf<\/p>\n<p>F\u00fcr das Ausbeulsystem CeboLiner ist er der ideale Kombispotter zum Ausbeulen von Aluminium und Stahlblechen. Das Ger\u00e4t verf\u00fcgt an der Multifunktionspistole eine Aufnahme zum Anschluss von Werkzeugen f\u00fcr folgende Funktionsarten:<br \/>\n\u25fc Schnellausbeulen mit dem Gleithammer an Anschwei\u00dfscheiben, Dreiecken und der \u201eSuperelektrode\u201c<br \/>\n\u25fc Aufschwei\u00dfen von Langloch\u00f6sen zum Ziehen stabiler Kanten mit dem optionalen CeboPull\/CeboLiner<br \/>\n\u25fc Aufschwei\u00dfen von Aluminiumgewindebolzen zum Ausbeulen von Aluminiumblechen<br \/>\n\u25fc Schnellausbeulen mit dem \u201eh\u201c-Puller mit Kippfu\u00df<\/p>\n<p>&nbsp;<\/p>\n","protected":false},"excerpt":{"rendered":"<p>Der Ausbeulspotter ULTRA SPOT DIGI-C ist geeignet f\u00fcr Karosseriereparaturen an Blechen aus Stahl und Aluminium. Er zeichnet sich aus durch einfachste Bedienung sowie individuell anpassbare Anwendungsm\u00f6glichkeiten und bietet dabei herausragende Vorteile: \u25fc Kein Verbrennen des Korrosionsschutzes durch \u00dcberhitzung bei optimaler Einstellung \u25fc Aufschwei\u00dfen von Zugelementen auf Bleche bis 2mm Dicke \u25fc Schnellausbeulen mit dem Gleithammer [&hellip;]<\/p>\n","protected":false},"featured_media":637,"template":"","meta":{"ocean_post_layout":"","ocean_both_sidebars_style":"","ocean_both_sidebars_content_width":0,"ocean_both_sidebars_sidebars_width":0,"ocean_sidebar":"0","ocean_second_sidebar":"0","ocean_disable_margins":"enable","ocean_add_body_class":"","ocean_shortcode_before_top_bar":"","ocean_shortcode_after_top_bar":"","ocean_shortcode_before_header":"","ocean_shortcode_after_header":"","ocean_has_shortcode":"","ocean_shortcode_after_title":"","ocean_shortcode_before_footer_widgets":"","ocean_shortcode_after_footer_widgets":"","ocean_shortcode_before_footer_bottom":"","ocean_shortcode_after_footer_bottom":"","ocean_display_top_bar":"off","ocean_display_header":"default","ocean_header_style":"","ocean_center_header_left_menu":"0","ocean_custom_header_template":"0","ocean_custom_logo":0,"ocean_custom_retina_logo":0,"ocean_custom_logo_max_width":0,"ocean_custom_logo_tablet_max_width":0,"ocean_custom_logo_mobile_max_width":0,"ocean_custom_logo_max_height":0,"ocean_custom_logo_tablet_max_height":0,"ocean_custom_logo_mobile_max_height":0,"ocean_header_custom_menu":"0","ocean_menu_typo_font_family":"0","ocean_menu_typo_font_subset":"","ocean_menu_typo_font_size":0,"ocean_menu_typo_font_size_tablet":0,"ocean_menu_typo_font_size_mobile":0,"ocean_menu_typo_font_size_unit":"px","ocean_menu_typo_font_weight":"","ocean_menu_typo_font_weight_tablet":"","ocean_menu_typo_font_weight_mobile":"","ocean_menu_typo_transform":"","ocean_menu_typo_transform_tablet":"","ocean_menu_typo_transform_mobile":"","ocean_menu_typo_line_height":0,"ocean_menu_typo_line_height_tablet":0,"ocean_menu_typo_line_height_mobile":0,"ocean_menu_typo_line_height_unit":"","ocean_menu_typo_spacing":0,"ocean_menu_typo_spacing_tablet":0,"ocean_menu_typo_spacing_mobile":0,"ocean_menu_typo_spacing_unit":"","ocean_menu_link_color":"","ocean_menu_link_color_hover":"","ocean_menu_link_color_active":"","ocean_menu_link_background":"","ocean_menu_link_hover_background":"","ocean_menu_link_active_background":"","ocean_menu_social_links_bg":"","ocean_menu_social_hover_links_bg":"","ocean_menu_social_links_color":"","ocean_menu_social_hover_links_color":"","ocean_disable_title":"on","ocean_disable_heading":"default","ocean_post_title":"","ocean_post_subheading":"","ocean_post_title_style":"","ocean_post_title_background_color":"","ocean_post_title_background":0,"ocean_post_title_bg_image_position":"","ocean_post_title_bg_image_attachment":"","ocean_post_title_bg_image_repeat":"","ocean_post_title_bg_image_size":"","ocean_post_title_height":0,"ocean_post_title_bg_overlay":0.5,"ocean_post_title_bg_overlay_color":"","ocean_disable_breadcrumbs":"default","ocean_breadcrumbs_color":"","ocean_breadcrumbs_separator_color":"","ocean_breadcrumbs_links_color":"","ocean_breadcrumbs_links_hover_color":"","ocean_display_footer_widgets":"off","ocean_display_footer_bottom":"default","ocean_custom_footer_template":"0"},"product_brand":[],"product_cat":[113,110],"product_tag":[],"class_list":{"0":"post-636","1":"product","2":"type-product","3":"status-publish","4":"has-post-thumbnail","6":"product_cat-produkte-ausbeulen-aluminium","7":"product_cat-produkte-ausbeulen-stahl","9":"entry","10":"has-media","12":"first","13":"instock","14":"virtual","15":"purchasable","16":"product-type-simple","17":"has-product-nav","18":"col","19":"span_1_of_3","20":"owp-content-center","21":"owp-thumbs-layout-horizontal","22":"owp-btn-normal","23":"owp-tabs-layout-horizontal"},"jetpack_sharing_enabled":true,"_links":{"self":[{"href":"https:\/\/kopie.cebotech.de\/index.php?rest_route=\/wp\/v2\/product\/636","targetHints":{"allow":["GET"]}}],"collection":[{"href":"https:\/\/kopie.cebotech.de\/index.php?rest_route=\/wp\/v2\/product"}],"about":[{"href":"https:\/\/kopie.cebotech.de\/index.php?rest_route=\/wp\/v2\/types\/product"}],"wp:featuredmedia":[{"embeddable":true,"href":"https:\/\/kopie.cebotech.de\/index.php?rest_route=\/wp\/v2\/media\/637"}],"wp:attachment":[{"href":"https:\/\/kopie.cebotech.de\/index.php?rest_route=%2Fwp%2Fv2%2Fmedia&parent=636"}],"wp:term":[{"taxonomy":"product_brand","embeddable":true,"href":"https:\/\/kopie.cebotech.de\/index.php?rest_route=%2Fwp%2Fv2%2Fproduct_brand&post=636"},{"taxonomy":"product_cat","embeddable":true,"href":"https:\/\/kopie.cebotech.de\/index.php?rest_route=%2Fwp%2Fv2%2Fproduct_cat&post=636"},{"taxonomy":"product_tag","embeddable":true,"href":"https:\/\/kopie.cebotech.de\/index.php?rest_route=%2Fwp%2Fv2%2Fproduct_tag&post=636"}],"curies":[{"name":"wp","href":"https:\/\/api.w.org\/{rel}","templated":true}]}}