{"id":685,"date":"2021-10-23T07:16:12","date_gmt":"2021-10-23T07:16:12","guid":{"rendered":"https:\/\/kopie.cebotech.de\/?post_type=product&#038;p=685"},"modified":"2022-10-26T16:43:52","modified_gmt":"2022-10-26T16:43:52","slug":"line-puller-ausziehbrueckensatz-1200-mm-1600-mm","status":"publish","type":"product","link":"https:\/\/kopie.cebotech.de\/?product=line-puller-ausziehbrueckensatz-1200-mm-1600-mm","title":{"rendered":"Line Puller Ausziehbr\u00fcckensatz 1200 mm + 1600 mm"},"content":{"rendered":"<p>Au\u00dfenausbeulsystem nach dem Zug-Druck-Verfahren<br \/>\n\u00b7 Erm\u00f6glicht sehr schnelles und exaktes Ausbeulen von au\u00dfen<br \/>\n\u00b7 Erspart zeitraubenden Ausbau von Verkleidungen, T\u00fcrinnenleben, usw.<br \/>\n\u00b7 Es k\u00f6nnen h\u00f6here Zugkr\u00e4fte als mit anderen bekannten Methoden wie z.B. mit Welldraht \u00fcbertragen werden<br \/>\n\u00b7 Ideal zum Richten von Kanten und Sicken<br \/>\nGef\u00fchlvolle Bearbeitung des Bleches durch Scherenmechanik<br \/>\nLeichter Austausch der St\u00fctzf\u00fcsse von Einzelfuss auf Doppelfuss<br \/>\nSortiment an kurzen und langen Einzel- und Doppelf\u00fcssen<\/p>\n","protected":false},"excerpt":{"rendered":"<p>Au\u00dfenausbeulsystem nach dem Zug-Druck-Verfahren \u00b7 Erm\u00f6glicht sehr schnelles und exaktes Ausbeulen von au\u00dfen \u00b7 Erspart zeitraubenden Ausbau von Verkleidungen, T\u00fcrinnenleben, usw. \u00b7 Es k\u00f6nnen h\u00f6here Zugkr\u00e4fte als mit anderen bekannten Methoden wie z.B. mit Welldraht \u00fcbertragen werden \u00b7 Ideal zum Richten von Kanten und Sicken Gef\u00fchlvolle Bearbeitung des Bleches durch Scherenmechanik Leichter Austausch der St\u00fctzf\u00fcsse [&hellip;]<\/p>\n","protected":false},"featured_media":686,"template":"","meta":{"ocean_post_layout":"","ocean_both_sidebars_style":"","ocean_both_sidebars_content_width":0,"ocean_both_sidebars_sidebars_width":0,"ocean_sidebar":"0","ocean_second_sidebar":"0","ocean_disable_margins":"enable","ocean_add_body_class":"","ocean_shortcode_before_top_bar":"","ocean_shortcode_after_top_bar":"","ocean_shortcode_before_header":"","ocean_shortcode_after_header":"","ocean_has_shortcode":"","ocean_shortcode_after_title":"","ocean_shortcode_before_footer_widgets":"","ocean_shortcode_after_footer_widgets":"","ocean_shortcode_before_footer_bottom":"","ocean_shortcode_after_footer_bottom":"","ocean_display_top_bar":"off","ocean_display_header":"default","ocean_header_style":"","ocean_center_header_left_menu":"0","ocean_custom_header_template":"0","ocean_custom_logo":0,"ocean_custom_retina_logo":0,"ocean_custom_logo_max_width":0,"ocean_custom_logo_tablet_max_width":0,"ocean_custom_logo_mobile_max_width":0,"ocean_custom_logo_max_height":0,"ocean_custom_logo_tablet_max_height":0,"ocean_custom_logo_mobile_max_height":0,"ocean_header_custom_menu":"0","ocean_menu_typo_font_family":"0","ocean_menu_typo_font_subset":"","ocean_menu_typo_font_size":0,"ocean_menu_typo_font_size_tablet":0,"ocean_menu_typo_font_size_mobile":0,"ocean_menu_typo_font_size_unit":"px","ocean_menu_typo_font_weight":"","ocean_menu_typo_font_weight_tablet":"","ocean_menu_typo_font_weight_mobile":"","ocean_menu_typo_transform":"","ocean_menu_typo_transform_tablet":"","ocean_menu_typo_transform_mobile":"","ocean_menu_typo_line_height":0,"ocean_menu_typo_line_height_tablet":0,"ocean_menu_typo_line_height_mobile":0,"ocean_menu_typo_line_height_unit":"","ocean_menu_typo_spacing":0,"ocean_menu_typo_spacing_tablet":0,"ocean_menu_typo_spacing_mobile":0,"ocean_menu_typo_spacing_unit":"","ocean_menu_link_color":"","ocean_menu_link_color_hover":"","ocean_menu_link_color_active":"","ocean_menu_link_background":"","ocean_menu_link_hover_background":"","ocean_menu_link_active_background":"","ocean_menu_social_links_bg":"","ocean_menu_social_hover_links_bg":"","ocean_menu_social_links_color":"","ocean_menu_social_hover_links_color":"","ocean_disable_title":"on","ocean_disable_heading":"default","ocean_post_title":"","ocean_post_subheading":"","ocean_post_title_style":"","ocean_post_title_background_color":"","ocean_post_title_background":0,"ocean_post_title_bg_image_position":"","ocean_post_title_bg_image_attachment":"","ocean_post_title_bg_image_repeat":"","ocean_post_title_bg_image_size":"","ocean_post_title_height":0,"ocean_post_title_bg_overlay":0.5,"ocean_post_title_bg_overlay_color":"","ocean_disable_breadcrumbs":"default","ocean_breadcrumbs_color":"","ocean_breadcrumbs_separator_color":"","ocean_breadcrumbs_links_color":"","ocean_breadcrumbs_links_hover_color":"","ocean_display_footer_widgets":"off","ocean_display_footer_bottom":"default","ocean_custom_footer_template":"0"},"product_brand":[],"product_cat":[117],"product_tag":[],"class_list":{"0":"post-685","1":"product","2":"type-product","3":"status-publish","4":"has-post-thumbnail","6":"product_cat-zubehoer-ausbeulen-zugsysteme","8":"entry","9":"has-media","11":"first","12":"instock","13":"virtual","14":"purchasable","15":"product-type-simple","16":"has-product-nav","17":"col","18":"span_1_of_3","19":"owp-content-center","20":"owp-thumbs-layout-horizontal","21":"owp-btn-normal","22":"owp-tabs-layout-horizontal"},"jetpack_sharing_enabled":true,"_links":{"self":[{"href":"https:\/\/kopie.cebotech.de\/index.php?rest_route=\/wp\/v2\/product\/685","targetHints":{"allow":["GET"]}}],"collection":[{"href":"https:\/\/kopie.cebotech.de\/index.php?rest_route=\/wp\/v2\/product"}],"about":[{"href":"https:\/\/kopie.cebotech.de\/index.php?rest_route=\/wp\/v2\/types\/product"}],"wp:featuredmedia":[{"embeddable":true,"href":"https:\/\/kopie.cebotech.de\/index.php?rest_route=\/wp\/v2\/media\/686"}],"wp:attachment":[{"href":"https:\/\/kopie.cebotech.de\/index.php?rest_route=%2Fwp%2Fv2%2Fmedia&parent=685"}],"wp:term":[{"taxonomy":"product_brand","embeddable":true,"href":"https:\/\/kopie.cebotech.de\/index.php?rest_route=%2Fwp%2Fv2%2Fproduct_brand&post=685"},{"taxonomy":"product_cat","embeddable":true,"href":"https:\/\/kopie.cebotech.de\/index.php?rest_route=%2Fwp%2Fv2%2Fproduct_cat&post=685"},{"taxonomy":"product_tag","embeddable":true,"href":"https:\/\/kopie.cebotech.de\/index.php?rest_route=%2Fwp%2Fv2%2Fproduct_tag&post=685"}],"curies":[{"name":"wp","href":"https:\/\/api.w.org\/{rel}","templated":true}]}}