{"id":8334,"date":"2022-09-03T13:42:16","date_gmt":"2022-09-03T13:42:16","guid":{"rendered":"https:\/\/kopie.cebotech.de\/?post_type=product&#038;p=8334"},"modified":"2022-10-26T16:17:54","modified_gmt":"2022-10-26T16:17:54","slug":"elettro-thunder-cut-70","status":"publish","type":"product","link":"https:\/\/kopie.cebotech.de\/?product=elettro-thunder-cut-70","title":{"rendered":"ELETTRO Thunder Cut 70"},"content":{"rendered":"<p>Die dreiphasige Stromquelle mit Inverter-Technologie zum Metall-Plasmaschneiden THUNDER CUT 70 ist f\u00fcr den professionellen Handschneidbereich konzipiert und bietet maximale Leistung und optimierte Bearbeitungszeiten.<br \/>\nSie zeichnet sich durch kompakte Bauweise, geringes Gewicht, einfache Handhabung, Benutzerfreundlichkeit, hohe Schneidleistung bei kleinen und mittleren Dicken aus.<br \/>\nSchnittst\u00e4rken sind hoch im Verh\u00e4ltnis zum abgegebenen Strom, geeignet f\u00fcr mittelschwere Anwendungen.<br \/>\nDie empfohlene Stahlst\u00e4rke betr\u00e4gt 19 mm bis 25 mm.\u00a0Die Trenndicke betr\u00e4gt 35 mm.\u00a0Die max.\u00a0Piercing ist 14 mm.<br \/>\nDas Fehlen eines Hochfrequenzstarts erm\u00f6glicht das Arbeiten neben Computern, medizinischen Ger\u00e4ten, Instrumenten und anderen elektronischen Ger\u00e4ten, die empfindlich auf Hochfrequenzemissionen reagieren.<br \/>\nEs kann an motorbetriebene Generatoren mit ausreichender Leistung angeschlossen werden.<\/p>\n<p>HAUPTMERKMALE<br \/>\n\u2022 Der neue ESA-Fast-Anschluss erm\u00f6glicht ein schnelles An- und Abkoppeln der Taschenlampe ohne Werkzeug.<br \/>\n\u2022 Ein einziger Knopf zur schnellen Feineinstellung des Schneidstroms.<br \/>\n\u2022 Die M\u00f6glichkeit, die Nachgasfunktion zu unterbrechen, um verbrauchte Verbrauchsmaterialien schnell zu ersetzen.<br \/>\n\u2022 Die praktische Schnellkupplung des Druckreglers.<br \/>\n\u2022 Pilotlichtbogen zum Schneiden von lackierten oder beschichteten Metallen.<br \/>\n\u2022 Geeignet zum Plasma-Fugenhobeln.<br \/>\n\u2022 Selbststart-Pilotfunktion zum Schneiden von Netzen und Gittern.<br \/>\n\u2022 Ultra Cut Capacity-Technologie zur Verbesserung der Schneidleistung bei gro\u00dfen Dicken.<br \/>\n\u2022 Innovative Thin Cut-Technologie, die es erm\u00f6glicht, Schnitte von h\u00f6chster Qualit\u00e4t und reduzierter Schnittfuge (Menge an entferntem Material) zu erzielen.<br \/>\n\u2022 Hyper Speed \u200b\u200bCut-Technologie zur Verbesserung der Schnittgeschwindigkeit.<br \/>\n\u2022 Extra Life-Technologie und Low Pilot Arc-Technologie, die die Leistung und die Lebensdauer der Verbrauchsmaterialien erh\u00f6ht.<br \/>\n\u2022 Long-Tip-Technologie erm\u00f6glicht das Schneiden in sehr engen Winkeln und kleinen Zwischenr\u00e4umen.<br \/>\n\u2022 Mikroprozessorgesteuerte Schnittparameter und -funktionen.<br \/>\n\u2022 Sicherheitssysteme am Brenner.<br \/>\n\u2022 Zur Standardausr\u00fcstung geh\u00f6rt eine 6 Meter lange Handlampe ECF-121 mit einem Starterset an Verbrauchsmaterialien und einem Erdungskabel.<\/p>\n<h4><span id=\"ProdottiDettaglio1_lbl_datitecnici\">TECHNISCHE DATEN:<\/span><\/h4>\n<table id=\"ProdottiDettaglio1_DataGrid1\" class=\"tb-scheda-prodotto tb-dati\" border=\"1\" rules=\"all\" cellspacing=\"0\">\n<tbody>\n<tr>\n<td class=\"zero\" align=\"left\">Code<\/td>\n<td class=\"uno\">P00445<\/td>\n<td class=\"due\" colspan=\"3\"><\/td>\n<\/tr>\n<tr>\n<td class=\"zero\" align=\"left\">Artikel<\/td>\n<td class=\"uno\">Donnerschnitt 70<\/td>\n<td class=\"due\" colspan=\"3\"><\/td>\n<\/tr>\n<tr>\n<td class=\"zero\" align=\"left\">Eingangsspannung<\/td>\n<td class=\"uno\">3x400V 50-60HZ<\/td>\n<td class=\"due\" colspan=\"3\"><\/td>\n<\/tr>\n<tr>\n<td class=\"zero\" align=\"left\">Absorbierte Leistung<\/td>\n<td class=\"uno\">45 % 9 kVA &#8211; 60 % 7,2 kVA &#8211; 100 % 6,5 kVA<\/td>\n<td class=\"due\" colspan=\"3\"><\/td>\n<\/tr>\n<tr>\n<td class=\"zero\" align=\"left\">Strom schneiden<\/td>\n<td class=\"uno\">15 \u00f7 70 A<\/td>\n<td class=\"due\" colspan=\"3\"><\/td>\n<\/tr>\n<tr>\n<td class=\"zero\" align=\"left\">Einschaltdauer \u2013 10-MIN-ZYKLUS NACH EN 60974-1<\/td>\n<td class=\"uno\">45 % 70 A &#8211; 60 % 60 A &#8211; 100 % 50 A<\/td>\n<td class=\"due\" colspan=\"3\"><\/td>\n<\/tr>\n<tr>\n<td class=\"zero\" align=\"left\">Luftdruck<\/td>\n<td class=\"uno\">5bar<\/td>\n<td class=\"due\" colspan=\"3\"><\/td>\n<\/tr>\n<tr>\n<td class=\"zero\" align=\"left\">Luftzug<\/td>\n<td class=\"uno\">190 l\/Min<\/td>\n<td class=\"due\" colspan=\"3\"><\/td>\n<\/tr>\n<tr>\n<td class=\"zero\" align=\"left\">Schnittst\u00e4rke auf Stahl<\/td>\n<td class=\"uno\">19 &#8211; 25mm<\/td>\n<td class=\"due\" colspan=\"3\"><\/td>\n<\/tr>\n<tr>\n<td class=\"zero\" align=\"left\">Maximaler Trennschnitt<\/td>\n<td class=\"uno\">35mm<\/td>\n<td class=\"due\" colspan=\"3\"><\/td>\n<\/tr>\n<tr>\n<td class=\"zero\" align=\"left\">Schutzklasse<\/td>\n<td class=\"uno\">IP23<\/td>\n<td class=\"due\" colspan=\"3\"><\/td>\n<\/tr>\n<tr>\n<td class=\"zero\" align=\"left\">Baunormen<\/td>\n<td class=\"uno\">EN60974 \u2013 1 \/ EN60974 \u2013 7 \/ EN60974 \u2013 10<\/td>\n<td class=\"due\" colspan=\"3\"><\/td>\n<\/tr>\n<tr>\n<td class=\"zero\" align=\"left\">Ma\u00dfe<\/td>\n<td class=\"uno\">220 x 440 x 460 h mm<\/td>\n<td class=\"due\" colspan=\"3\"><\/td>\n<\/tr>\n<tr>\n<td class=\"zero\" align=\"left\">Gewicht<\/td>\n<td class=\"uno\">18 kg<\/td>\n<\/tr>\n<\/tbody>\n<\/table>\n","protected":false},"excerpt":{"rendered":"<p>Die dreiphasige Stromquelle mit Inverter-Technologie zum Metall-Plasmaschneiden THUNDER CUT 70 ist f\u00fcr den professionellen Handschneidbereich konzipiert und bietet maximale Leistung und optimierte Bearbeitungszeiten. Sie zeichnet sich durch kompakte Bauweise, geringes Gewicht, einfache Handhabung, Benutzerfreundlichkeit, hohe Schneidleistung bei kleinen und mittleren Dicken aus. Schnittst\u00e4rken sind hoch im Verh\u00e4ltnis zum abgegebenen Strom, geeignet f\u00fcr mittelschwere Anwendungen. Die [&hellip;]<\/p>\n","protected":false},"featured_media":8333,"template":"","meta":{"ocean_post_layout":"","ocean_both_sidebars_style":"","ocean_both_sidebars_content_width":0,"ocean_both_sidebars_sidebars_width":0,"ocean_sidebar":"0","ocean_second_sidebar":"0","ocean_disable_margins":"enable","ocean_add_body_class":"","ocean_shortcode_before_top_bar":"","ocean_shortcode_after_top_bar":"","ocean_shortcode_before_header":"","ocean_shortcode_after_header":"","ocean_has_shortcode":"","ocean_shortcode_after_title":"","ocean_shortcode_before_footer_widgets":"","ocean_shortcode_after_footer_widgets":"","ocean_shortcode_before_footer_bottom":"","ocean_shortcode_after_footer_bottom":"","ocean_display_top_bar":"off","ocean_display_header":"default","ocean_header_style":"","ocean_center_header_left_menu":"0","ocean_custom_header_template":"0","ocean_custom_logo":0,"ocean_custom_retina_logo":0,"ocean_custom_logo_max_width":0,"ocean_custom_logo_tablet_max_width":0,"ocean_custom_logo_mobile_max_width":0,"ocean_custom_logo_max_height":0,"ocean_custom_logo_tablet_max_height":0,"ocean_custom_logo_mobile_max_height":0,"ocean_header_custom_menu":"0","ocean_menu_typo_font_family":"0","ocean_menu_typo_font_subset":"","ocean_menu_typo_font_size":0,"ocean_menu_typo_font_size_tablet":0,"ocean_menu_typo_font_size_mobile":0,"ocean_menu_typo_font_size_unit":"px","ocean_menu_typo_font_weight":"","ocean_menu_typo_font_weight_tablet":"","ocean_menu_typo_font_weight_mobile":"","ocean_menu_typo_transform":"","ocean_menu_typo_transform_tablet":"","ocean_menu_typo_transform_mobile":"","ocean_menu_typo_line_height":0,"ocean_menu_typo_line_height_tablet":0,"ocean_menu_typo_line_height_mobile":0,"ocean_menu_typo_line_height_unit":"","ocean_menu_typo_spacing":0,"ocean_menu_typo_spacing_tablet":0,"ocean_menu_typo_spacing_mobile":0,"ocean_menu_typo_spacing_unit":"","ocean_menu_link_color":"","ocean_menu_link_color_hover":"","ocean_menu_link_color_active":"","ocean_menu_link_background":"","ocean_menu_link_hover_background":"","ocean_menu_link_active_background":"","ocean_menu_social_links_bg":"","ocean_menu_social_hover_links_bg":"","ocean_menu_social_links_color":"","ocean_menu_social_hover_links_color":"","ocean_disable_title":"on","ocean_disable_heading":"default","ocean_post_title":"","ocean_post_subheading":"","ocean_post_title_style":"","ocean_post_title_background_color":"","ocean_post_title_background":0,"ocean_post_title_bg_image_position":"","ocean_post_title_bg_image_attachment":"","ocean_post_title_bg_image_repeat":"","ocean_post_title_bg_image_size":"","ocean_post_title_height":0,"ocean_post_title_bg_overlay":0.5,"ocean_post_title_bg_overlay_color":"","ocean_disable_breadcrumbs":"default","ocean_breadcrumbs_color":"","ocean_breadcrumbs_separator_color":"","ocean_breadcrumbs_links_color":"","ocean_breadcrumbs_links_hover_color":"","ocean_display_footer_widgets":"off","ocean_display_footer_bottom":"default","ocean_custom_footer_template":"0"},"product_brand":[],"product_cat":[275,126],"product_tag":[],"class_list":{"0":"post-8334","1":"product","2":"type-product","3":"status-publish","4":"has-post-thumbnail","6":"product_cat-plasmaschneiden-cebora-produkte","7":"product_cat-produkte-plasmaschneiden","9":"entry","10":"has-media","12":"first","13":"instock","14":"virtual","15":"purchasable","16":"product-type-simple","17":"has-product-nav","18":"col","19":"span_1_of_3","20":"owp-content-center","21":"owp-thumbs-layout-horizontal","22":"owp-btn-normal","23":"owp-tabs-layout-horizontal","24":"has-no-thumbnails"},"jetpack_sharing_enabled":true,"_links":{"self":[{"href":"https:\/\/kopie.cebotech.de\/index.php?rest_route=\/wp\/v2\/product\/8334","targetHints":{"allow":["GET"]}}],"collection":[{"href":"https:\/\/kopie.cebotech.de\/index.php?rest_route=\/wp\/v2\/product"}],"about":[{"href":"https:\/\/kopie.cebotech.de\/index.php?rest_route=\/wp\/v2\/types\/product"}],"wp:featuredmedia":[{"embeddable":true,"href":"https:\/\/kopie.cebotech.de\/index.php?rest_route=\/wp\/v2\/media\/8333"}],"wp:attachment":[{"href":"https:\/\/kopie.cebotech.de\/index.php?rest_route=%2Fwp%2Fv2%2Fmedia&parent=8334"}],"wp:term":[{"taxonomy":"product_brand","embeddable":true,"href":"https:\/\/kopie.cebotech.de\/index.php?rest_route=%2Fwp%2Fv2%2Fproduct_brand&post=8334"},{"taxonomy":"product_cat","embeddable":true,"href":"https:\/\/kopie.cebotech.de\/index.php?rest_route=%2Fwp%2Fv2%2Fproduct_cat&post=8334"},{"taxonomy":"product_tag","embeddable":true,"href":"https:\/\/kopie.cebotech.de\/index.php?rest_route=%2Fwp%2Fv2%2Fproduct_tag&post=8334"}],"curies":[{"name":"wp","href":"https:\/\/api.w.org\/{rel}","templated":true}]}}