{"id":8493,"date":"2022-09-11T09:03:16","date_gmt":"2022-09-11T09:03:16","guid":{"rendered":"https:\/\/kopie.cebotech.de\/?post_type=product&#038;p=8493"},"modified":"2022-10-26T16:17:54","modified_gmt":"2022-10-26T16:17:54","slug":"telwin-technomig-225-dual","status":"publish","type":"product","link":"https:\/\/kopie.cebotech.de\/?product=telwin-technomig-225-dual","title":{"rendered":"Telwin Technomig 225 Dual"},"content":{"rendered":"<div class=\"text\"><span>Mikroprozessorgesteuertes MIG-MAG \/ FLUX \/ L\u00d6TEN \/ MMA \/ WIG DC-Lift Multiprozess-Inverter-Schwei\u00dfger\u00e4t.<\/span><br \/>\n<span>Die Flexibilit\u00e4t in der Anwendung und die verschiedenen geschwei\u00dften Materialien (Stahl, Edelstahl, Aluminium) oder gel\u00f6tete (verzinkte Bleche) best\u00e4tigen Technomig Dual Synergic als hervorragende L\u00f6sung in einer Vielzahl von Anwendungsbereichen, von der Wartung \u00fcber die Installation bis hin zu Karosserieeingriffen.<\/span><br \/>\n<span>Die schnelle SYNERGIC-Anpassung der Schwei\u00dfparameter dank der ONE TOUCH LCD SYNERGY-Technologie macht das Produkt sehr benutzerfreundlich.<\/span><br \/>\n<span>Die intelligente und automatische Steuerung des Lichtbogens, Augenblick f\u00fcr Augenblick, sorgt f\u00fcr eine hohe Schwei\u00dfleistung unter allen Arbeitsbedingungen, mit unterschiedlichen Materialien und\/oder Gasen.<\/span><br \/>\n<span>Es ist auch m\u00f6glich, manuell in die L\u00e4nge des Lichtbogens einzugreifen: Diese Einstellung erm\u00f6glicht es Ihnen, die Form der Schwei\u00dfraupe entsprechend dem Stil des Schwei\u00dfers zu \u00e4ndern.<\/span><br \/>\n<span>Das ONE TOUCH LCD-Grafikdisplay erm\u00f6glicht ein besseres Ablesen aller Schwei\u00dfparameter.<\/span><br \/>\n<span>Die ATC-Technologie, Made in Telwin, erm\u00f6glicht es Ihnen, dank fortschrittlicher Lichtbogensteuerung auf einfache Weise hervorragende Schwei\u00dfn\u00e4hte auf d\u00fcnnen Oberfl\u00e4chen zu erzielen.<\/span><br \/>\n<span>Geringes Gewicht und maximale Kompaktheit sorgen zudem f\u00fcr eine einfache Transportierbarkeit in allen Einsatzbereichen, sowohl im Innen- als auch im Au\u00dfenbereich.<\/span><br \/>\n<span>Merkmale:<\/span><br \/>\n<span>&#8211; Polarit\u00e4tswechsel beim MIG-MAG-GAS-\/L\u00d6TEN-Schwei\u00dfen;<\/span><br \/>\n<span>&#8211; 27 Synergiekurven vorbereitet;<\/span><br \/>\n<span>&#8211; LCD-Anzeige von Spannung, Strom, Schwei\u00dfgeschwindigkeit;<\/span><br \/>\n<span>&#8211; Einstellungen: Drahtanstiegsrampe, elektronische Reaktanz, letzte Drahtbrennzeit (R\u00fcckbrand), Nachgas;<\/span><br \/>\n<span>&#8211; Auswahl von 2\/4 Zeiten, Punktbetrieb;<\/span><br \/>\n<span>&#8211; VRD-Ger\u00e4t;<\/span><br \/>\n<span>&#8211; Schutz vor Thermostat, \u00dcberspannung, Unterspannung, \u00dcberstrom, Motorgenerator (+\/- 15 %).<\/span><br \/>\n<span>Komplett mit MIG-MAG-Brenner, Kabel und Masseklemme.<\/span><\/div>\n<div class=\"clearfix\"><\/div>\n<div class=\"obj\"><span class=\"img\"><img decoding=\"async\" title=\"MMA WIG DC LIFT\" src=\"https:\/\/www.telwin.com\/webtelwin\/telwinimg.nsf\/TelWinImg\/IM2260\/$FILE\/IM2260.png?OpenElement\" alt=\"MMA WIG DC LIFT\" \/><\/span><span class=\"nome\"><span>MMA WIG DC LIFT<\/span><\/span><\/div>\n<div class=\"obj\"><span class=\"img\"><img decoding=\"async\" title=\"SPULE 15 kg\" src=\"https:\/\/www.telwin.com\/webtelwin\/telwinimg.nsf\/TelWinImg\/IM2570\/$FILE\/IM2570.png?OpenElement\" alt=\"SPULE 15 kg\" \/><\/span><span class=\"nome\"><span>SPULE 15 kg<\/span><\/span><\/div>\n<div class=\"obj\"><span class=\"img\"><img decoding=\"async\" title=\"MIG-MAG-FLUSSMITTEL\" src=\"https:\/\/www.telwin.com\/webtelwin\/telwinimg.nsf\/TelWinImg\/IM2280\/$FILE\/IM2280.png?OpenElement\" alt=\"MIG-MAG-FLUSSMITTEL\" \/><\/span><span class=\"nome\"><span>MIG-MAG-FLUSSMITTEL<\/span><\/span><\/div>\n<div class=\"obj\"><span class=\"img\"><img decoding=\"async\" title=\"CE KENNZEICHNUNG\" src=\"https:\/\/www.telwin.com\/webtelwin\/telwinimg.nsf\/TelWinImg\/IM2700\/$FILE\/IM2700.png?OpenElement\" alt=\"CE KENNZEICHNUNG\" \/><\/span><span class=\"nome\"><span>CE KENNZEICHNUNG<\/span><\/span><\/div>\n<div class=\"obj\"><span class=\"img\"><img decoding=\"async\" title=\"1 PH 230V\" src=\"https:\/\/www.telwin.com\/webtelwin\/telwinimg.nsf\/TelWinImg\/IM2360\/$FILE\/IM2360.png?OpenElement\" alt=\"1 PH 230V\" \/><\/span><span class=\"nome\"><span>1 PH 230V<\/span><\/span><\/div>\n<div class=\"obj\"><span class=\"img\"><img decoding=\"async\" title=\"EAC-ZERTIFIZIERUNG\" src=\"https:\/\/www.telwin.com\/webtelwin\/telwinimg.nsf\/TelWinImg\/IM2710\/$FILE\/IM2710.png?OpenElement\" alt=\"EAC-ZERTIFIZIERUNG\" \/><\/span><span class=\"nome\"><span>EAC-ZERTIFIZIERUNG<\/span><\/span><\/div>\n<div><\/div>\n<h3>Technische Daten:<\/h3>\n<div>\n<div class=\"obj\"><span class=\"img\"><img decoding=\"async\" title=\"\" src=\"https:\/\/www.telwin.com\/webtelwin\/telwinimg.nsf\/TelWinImg\/IM0009\/$FILE\/IM0009.png?OpenElement\" alt=\"\" \/><\/span><span class=\"nome\"><span>CODE<\/span><\/span><span class=\"code\"><span>816057<\/span><\/span><\/div>\n<div class=\"obj\"><span class=\"img\"><img decoding=\"async\" title=\"\" src=\"https:\/\/www.telwin.com\/webtelwin\/telwinimg.nsf\/TelWinImg\/IM0030\/$FILE\/IM0030.png?OpenElement\" alt=\"\" \/><\/span><span class=\"nome\"><span>LEISTUNGSFAKTOR (cosphi)<\/span><\/span><span class=\"code\"><span>0,7<\/span><\/span><\/div>\n<div class=\"obj\"><span class=\"img\"><img decoding=\"async\" title=\"\" src=\"https:\/\/www.telwin.com\/webtelwin\/telwinimg.nsf\/TelWinImg\/IM0150\/$FILE\/IM0150.png?OpenElement\" alt=\"\" \/><\/span><span class=\"nome\"><span>EINPHASIGE NETZSPANNUNG<\/span><\/span><span class=\"code\"><span>230 V<\/span><\/span><\/div>\n<div class=\"obj\"><span class=\"img\"><img decoding=\"async\" title=\"\" src=\"https:\/\/www.telwin.com\/webtelwin\/telwinimg.nsf\/TelWinImg\/IM0034\/$FILE\/IM0034.png?OpenElement\" alt=\"\" \/><\/span><span class=\"nome\"><span>D. VERWENDBARE ELEKTRODEN IN DC<\/span><\/span><span class=\"code\"><span>1,6 &#8211; 3,2 mm<\/span><\/span><\/div>\n<div class=\"obj\"><span class=\"img\"><img decoding=\"async\" title=\"\" src=\"https:\/\/www.telwin.com\/webtelwin\/telwinimg.nsf\/TelWinImg\/IM0140\/$FILE\/IM0140.png?OpenElement\" alt=\"\" \/><\/span><span class=\"nome\"><span>NETZFREQUENZ<\/span><\/span><span class=\"code\"><span>50\/60 Hertz<\/span><\/span><\/div>\n<div class=\"obj\"><span class=\"img\"><img decoding=\"async\" title=\"\" src=\"https:\/\/www.telwin.com\/webtelwin\/telwinimg.nsf\/TelWinImg\/IM0042\/$FILE\/IM0042.png?OpenElement\" alt=\"\" \/><\/span><span class=\"nome\"><span>D. STAHLSCHWEISSDRAHT<\/span><\/span><span class=\"code\"><span>0,6 &#8211; 1mm<\/span><\/span><\/div>\n<div class=\"obj\"><span class=\"img\"><img decoding=\"async\" title=\"\" src=\"https:\/\/www.telwin.com\/webtelwin\/telwinimg.nsf\/TelWinImg\/IM0014\/$FILE\/IM0014.png?OpenElement\" alt=\"\" \/><\/span><span class=\"nome\"><span>FELD REG.NE STROM<\/span><\/span><span class=\"code\"><span>20 &#8211; 220 A<\/span><\/span><\/div>\n<div class=\"obj\"><span class=\"img\"><img decoding=\"async\" title=\"\" src=\"https:\/\/www.telwin.com\/webtelwin\/telwinimg.nsf\/TelWinImg\/IM0043\/$FILE\/IM0043.png?OpenElement\" alt=\"\" \/><\/span><span class=\"nome\"><span>D. SCHWEI\u00dfDRAHT AUS EDELSTAHL<\/span><\/span><span class=\"code\"><span>0,8 &#8211; 1mm<\/span><\/span><\/div>\n<div class=\"obj\"><span class=\"img\"><img decoding=\"async\" title=\"\" src=\"https:\/\/www.telwin.com\/webtelwin\/telwinimg.nsf\/TelWinImg\/IM0018\/$FILE\/IM0018.png?OpenElement\" alt=\"\" \/><\/span><span class=\"nome\"><span>MAX. DC-STROM (EN 60974-1)<\/span><\/span><span class=\"code\"><span>180 @ 20 % A<\/span><\/span><\/div>\n<div class=\"obj\"><span class=\"img\"><img decoding=\"async\" title=\"\" src=\"https:\/\/www.telwin.com\/webtelwin\/telwinimg.nsf\/TelWinImg\/IM0044\/$FILE\/IM0044.png?OpenElement\" alt=\"\" \/><\/span><span class=\"nome\"><span>D. ALUMINIUM-SCHWEISSDRAHT<\/span><\/span><span class=\"code\"><span>0,8 &#8211; 1mm<\/span><\/span><\/div>\n<div class=\"obj\"><span class=\"img\"><img decoding=\"async\" title=\"\" src=\"https:\/\/www.telwin.com\/webtelwin\/telwinimg.nsf\/TelWinImg\/IM0020\/$FILE\/IM0020.png?OpenElement\" alt=\"\" \/><\/span><span class=\"nome\"><span>STROM IM GLEICHSTROM<\/span><\/span><span class=\"code\"><span>100 A<\/span><\/span><\/div>\n<div class=\"obj\"><span class=\"img\"><img decoding=\"async\" title=\"\" src=\"https:\/\/www.telwin.com\/webtelwin\/telwinimg.nsf\/TelWinImg\/IM0045\/$FILE\/IM0045.png?OpenElement\" alt=\"\" \/><\/span><span class=\"nome\"><span>D. ANIMIERTER SCHWEISSDRAHT<\/span><\/span><span class=\"code\"><span>0,8 &#8211; 1,2mm<\/span><\/span><\/div>\n<div class=\"obj\"><span class=\"img\"><img decoding=\"async\" title=\"\" src=\"https:\/\/www.telwin.com\/webtelwin\/telwinimg.nsf\/TelWinImg\/IM0024\/$FILE\/IM0024.png?OpenElement\" alt=\"\" \/><\/span><span class=\"nome\"><span>MAX. LEERLAUFSPANNUNG<\/span><\/span><span class=\"code\"><span>78 V<\/span><\/span><\/div>\n<div class=\"obj\"><span class=\"img\"><img decoding=\"async\" title=\"\" src=\"https:\/\/www.telwin.com\/webtelwin\/telwinimg.nsf\/TelWinImg\/IM0046\/$FILE\/IM0046.png?OpenElement\" alt=\"\" \/><\/span><span class=\"nome\"><span>D. L\u00d6TDRAHT<\/span><\/span><span class=\"code\"><span>0,8 &#8211; 1mm<\/span><\/span><\/div>\n<div class=\"obj\"><span class=\"img\"><img decoding=\"async\" title=\"\" src=\"https:\/\/www.telwin.com\/webtelwin\/telwinimg.nsf\/TelWinImg\/IM0015\/$FILE\/IM0015.png?OpenElement\" alt=\"\" \/><\/span><span class=\"nome\"><span>MAXIMALE STROMAUFNAHME<\/span><\/span><span class=\"code\"><span>32 A<\/span><\/span><\/div>\n<div class=\"obj\"><span class=\"img\"><img decoding=\"async\" title=\"\" src=\"https:\/\/www.telwin.com\/webtelwin\/telwinimg.nsf\/TelWinImg\/IM0037\/$FILE\/IM0037.png?OpenElement\" alt=\"\" \/><\/span><span class=\"nome\"><span>MASSE<\/span><\/span><span class=\"code\"><span>79,5 x 37,5 x 73 cm<\/span><\/span><\/div>\n<div class=\"obj\"><span class=\"img\"><img decoding=\"async\" title=\"\" src=\"https:\/\/www.telwin.com\/webtelwin\/telwinimg.nsf\/TelWinImg\/IM0025\/$FILE\/IM0025.png?OpenElement\" alt=\"\" \/><\/span><span class=\"nome\"><span>AUFNAHMESTROM BEI 60 %<\/span><\/span><span class=\"code\"><span>15 A<\/span><\/span><\/div>\n<div class=\"obj\"><span class=\"img\"><img decoding=\"async\" title=\"\" src=\"https:\/\/www.telwin.com\/webtelwin\/telwinimg.nsf\/TelWinImg\/IM0039\/$FILE\/IM0039.png?OpenElement\" alt=\"\" \/><\/span><span class=\"nome\"><span>GEWICHT<\/span><\/span><span class=\"code\"><span>29,6 kg<\/span><\/span><\/div>\n<div class=\"obj\"><span class=\"img\"><img decoding=\"async\" title=\"\" src=\"https:\/\/www.telwin.com\/webtelwin\/telwinimg.nsf\/TelWinImg\/IM0153\/$FILE\/IM0153.png?OpenElement\" alt=\"\" \/><\/span><span class=\"nome\"><span>MAXIMALE LEISTUNGSAUFNAHME<\/span><\/span><span class=\"code\"><span>5kW<\/span><\/span><\/div>\n<div class=\"obj\"><span class=\"img\"><img decoding=\"async\" title=\"\" src=\"https:\/\/www.telwin.com\/webtelwin\/telwinimg.nsf\/TelWinImg\/IM0010\/$FILE\/IM0010.png?OpenElement\" alt=\"\" \/><\/span><span class=\"nome\"><span>EAN-CODE<\/span><\/span><span class=\"code\"><span>8056151817501<\/span><\/span><\/div>\n<div class=\"obj\"><span class=\"img\"><img decoding=\"async\" title=\"\" src=\"https:\/\/www.telwin.com\/webtelwin\/telwinimg.nsf\/TelWinImg\/IM0154\/$FILE\/IM0154.png?OpenElement\" alt=\"\" \/><\/span><span class=\"nome\"><span>AUFNAHMELEISTUNG BEI 60 %<\/span><\/span><span class=\"code\"><span>2,2 kW<\/span><\/span><\/div>\n<div class=\"obj\"><span class=\"img\"><img decoding=\"async\" title=\"\" src=\"https:\/\/www.telwin.com\/webtelwin\/telwinimg.nsf\/TelWinImg\/IM0124\/$FILE\/IM0124.png?OpenElement\" alt=\"\" \/><\/span><span class=\"nome\"><span>ST\u00dcCKE \/ PALETTE<\/span><\/span><span class=\"code\"><span>8 St\u00fcck \/ Palette<\/span><\/span><\/div>\n<div class=\"obj\"><span class=\"img\"><img decoding=\"async\" title=\"\" src=\"https:\/\/www.telwin.com\/webtelwin\/telwinimg.nsf\/TelWinImg\/IM0029\/$FILE\/IM0029.png?OpenElement\" alt=\"\" \/><\/span><span class=\"nome\"><span>LEISTUNG<\/span><\/span><span class=\"code\"><span>84%<\/span><\/span><\/div>\n<div class=\"obj\"><span class=\"img\"><img decoding=\"async\" title=\"\" src=\"https:\/\/www.telwin.com\/webtelwin\/telwinimg.nsf\/TelWinImg\/IM0123\/$FILE\/IM0123.png?OpenElement\" alt=\"\" \/><\/span><span class=\"nome\"><span>ST\u00dcCKE \/ PALETTE &#8211; B<\/span><\/span><span class=\"code\"><span>4 St\u00fcck \/ Palette B<\/span><\/span><\/div>\n<\/div>\n","protected":false},"excerpt":{"rendered":"<p>Mikroprozessorgesteuertes MIG-MAG \/ FLUX \/ L\u00d6TEN \/ MMA \/ WIG DC-Lift Multiprozess-Inverter-Schwei\u00dfger\u00e4t. Die Flexibilit\u00e4t in der Anwendung und die verschiedenen geschwei\u00dften Materialien (Stahl, Edelstahl, Aluminium) oder gel\u00f6tete (verzinkte Bleche) best\u00e4tigen Technomig Dual Synergic als hervorragende L\u00f6sung in einer Vielzahl von Anwendungsbereichen, von der Wartung \u00fcber die Installation bis hin zu Karosserieeingriffen. Die schnelle SYNERGIC-Anpassung der [&hellip;]<\/p>\n","protected":false},"featured_media":8494,"template":"","meta":{"ocean_post_layout":"","ocean_both_sidebars_style":"","ocean_both_sidebars_content_width":0,"ocean_both_sidebars_sidebars_width":0,"ocean_sidebar":"0","ocean_second_sidebar":"0","ocean_disable_margins":"enable","ocean_add_body_class":"","ocean_shortcode_before_top_bar":"","ocean_shortcode_after_top_bar":"","ocean_shortcode_before_header":"","ocean_shortcode_after_header":"","ocean_has_shortcode":"","ocean_shortcode_after_title":"","ocean_shortcode_before_footer_widgets":"","ocean_shortcode_after_footer_widgets":"","ocean_shortcode_before_footer_bottom":"","ocean_shortcode_after_footer_bottom":"","ocean_display_top_bar":"off","ocean_display_header":"default","ocean_header_style":"","ocean_center_header_left_menu":"0","ocean_custom_header_template":"0","ocean_custom_logo":0,"ocean_custom_retina_logo":0,"ocean_custom_logo_max_width":0,"ocean_custom_logo_tablet_max_width":0,"ocean_custom_logo_mobile_max_width":0,"ocean_custom_logo_max_height":0,"ocean_custom_logo_tablet_max_height":0,"ocean_custom_logo_mobile_max_height":0,"ocean_header_custom_menu":"0","ocean_menu_typo_font_family":"0","ocean_menu_typo_font_subset":"","ocean_menu_typo_font_size":0,"ocean_menu_typo_font_size_tablet":0,"ocean_menu_typo_font_size_mobile":0,"ocean_menu_typo_font_size_unit":"px","ocean_menu_typo_font_weight":"","ocean_menu_typo_font_weight_tablet":"","ocean_menu_typo_font_weight_mobile":"","ocean_menu_typo_transform":"","ocean_menu_typo_transform_tablet":"","ocean_menu_typo_transform_mobile":"","ocean_menu_typo_line_height":0,"ocean_menu_typo_line_height_tablet":0,"ocean_menu_typo_line_height_mobile":0,"ocean_menu_typo_line_height_unit":"","ocean_menu_typo_spacing":0,"ocean_menu_typo_spacing_tablet":0,"ocean_menu_typo_spacing_mobile":0,"ocean_menu_typo_spacing_unit":"","ocean_menu_link_color":"","ocean_menu_link_color_hover":"","ocean_menu_link_color_active":"","ocean_menu_link_background":"","ocean_menu_link_hover_background":"","ocean_menu_link_active_background":"","ocean_menu_social_links_bg":"","ocean_menu_social_hover_links_bg":"","ocean_menu_social_links_color":"","ocean_menu_social_hover_links_color":"","ocean_disable_title":"on","ocean_disable_heading":"default","ocean_post_title":"","ocean_post_subheading":"","ocean_post_title_style":"","ocean_post_title_background_color":"","ocean_post_title_background":0,"ocean_post_title_bg_image_position":"","ocean_post_title_bg_image_attachment":"","ocean_post_title_bg_image_repeat":"","ocean_post_title_bg_image_size":"","ocean_post_title_height":0,"ocean_post_title_bg_overlay":0.5,"ocean_post_title_bg_overlay_color":"","ocean_disable_breadcrumbs":"default","ocean_breadcrumbs_color":"","ocean_breadcrumbs_separator_color":"","ocean_breadcrumbs_links_color":"","ocean_breadcrumbs_links_hover_color":"","ocean_display_footer_widgets":"off","ocean_display_footer_bottom":"default","ocean_custom_footer_template":"0"},"product_brand":[],"product_cat":[97],"product_tag":[],"class_list":{"0":"post-8493","1":"product","2":"type-product","3":"status-publish","4":"has-post-thumbnail","6":"product_cat-produkte","8":"entry","9":"has-media","11":"first","12":"instock","13":"virtual","14":"purchasable","15":"product-type-simple","16":"has-product-nav","17":"col","18":"span_1_of_3","19":"owp-content-center","20":"owp-thumbs-layout-horizontal","21":"owp-btn-normal","22":"owp-tabs-layout-horizontal","23":"has-no-thumbnails"},"jetpack_sharing_enabled":true,"_links":{"self":[{"href":"https:\/\/kopie.cebotech.de\/index.php?rest_route=\/wp\/v2\/product\/8493","targetHints":{"allow":["GET"]}}],"collection":[{"href":"https:\/\/kopie.cebotech.de\/index.php?rest_route=\/wp\/v2\/product"}],"about":[{"href":"https:\/\/kopie.cebotech.de\/index.php?rest_route=\/wp\/v2\/types\/product"}],"wp:featuredmedia":[{"embeddable":true,"href":"https:\/\/kopie.cebotech.de\/index.php?rest_route=\/wp\/v2\/media\/8494"}],"wp:attachment":[{"href":"https:\/\/kopie.cebotech.de\/index.php?rest_route=%2Fwp%2Fv2%2Fmedia&parent=8493"}],"wp:term":[{"taxonomy":"product_brand","embeddable":true,"href":"https:\/\/kopie.cebotech.de\/index.php?rest_route=%2Fwp%2Fv2%2Fproduct_brand&post=8493"},{"taxonomy":"product_cat","embeddable":true,"href":"https:\/\/kopie.cebotech.de\/index.php?rest_route=%2Fwp%2Fv2%2Fproduct_cat&post=8493"},{"taxonomy":"product_tag","embeddable":true,"href":"https:\/\/kopie.cebotech.de\/index.php?rest_route=%2Fwp%2Fv2%2Fproduct_tag&post=8493"}],"curies":[{"name":"wp","href":"https:\/\/api.w.org\/{rel}","templated":true}]}}