{"id":8866,"date":"2024-07-16T11:46:32","date_gmt":"2024-07-16T11:46:32","guid":{"rendered":"https:\/\/kopie.cebotech.de\/?post_type=product&#038;p=8866"},"modified":"2024-07-16T11:46:32","modified_gmt":"2024-07-16T11:46:32","slug":"cebotech-ceboliner-fast-puller-ausbeulstationen","status":"publish","type":"product","link":"https:\/\/kopie.cebotech.de\/?product=cebotech-ceboliner-fast-puller-ausbeulstationen","title":{"rendered":"CEBOTECH CEBOLINER + FAST-PULLER Ausbeulstationen"},"content":{"rendered":"<p>Die Ausbeulstationen <strong>CEBOLINER<\/strong> sind in verschiedenen Varianten erh\u00e4ltlich, die f\u00fcr die entsprechenden Einsatzzwecke mit allem n\u00f6tigen Zubeh\u00f6r ausgestattet sind.<\/p>\n<p>Werksempfehlungen von Ford und Nissan Europe &#8211; weitere in Vorbereitung<\/p>\n<p>Als Erg\u00e4nzung dazu gibt es unseren mobilen CEBOLINER FAST-PULLER Zugturm, der sich per Druckluft am Boden fest saugt und mit dem ELECTRO POWER kombinieren l\u00e4sst.<\/p>\n<p>Ausbeulstation <strong>CEBOPULL JUNIOR<\/strong><\/p>\n<p>F\u00fcr nahezu alle Au\u00dfenausbeularbeiten an Stahlkarosserieblechen geeignet.<\/p>\n<p>Ausbeulstation <strong>CEBOLINER T-SPOT<\/strong><\/p>\n<p>Vollausgestattet f\u00fcr alle Au\u00dfenausbeularbeiten an Stahkarosserieblechen.<\/p>\n<p>Mit dem \u201eKlebekoffer&#8221;\u00a0 k\u00f6nnen zus\u00e4tzlich kleinere Dellen und Beulen ohne Lackierarbeiten beseitigt werden.<\/p>\n<p>F\u00fcr Ausbeularbeiten mit gr\u00f6\u00dferen Zug- oder Druckkr\u00e4ften steht das ELECTROPOWER Basis-Set zur Verf\u00fcgung.<\/p>\n<p>Ausbeulstation <strong>CEBOLINER TOPLINE<\/strong><\/p>\n<p>Zus\u00e4tzlich zur Ausstattung des CEBOLINER T-SPOT ist diese Ausbeulstation voll ausger\u00fcstet f\u00fcr Arbeiten an Aluminiumblechen.<\/p>\n<p>&nbsp;<\/p>\n<p><strong>Ausbeulstation CEBOPULL JUNIOR<\/strong><\/p>\n<p>Lieferumfang:<\/p>\n<p>kompletter Fahrwagen<\/p>\n<p><strong>Spot 4889 <\/strong>mit Massekabel und Pistole<\/p>\n<p>Zubeh\u00f6rsortiment f\u00fcr Spotter<\/p>\n<p>Elektrode f\u00fcr Langlochpins<\/p>\n<p>Langlochpins gedreht &amp; gerade (je 50 Stk)<\/p>\n<p>1,1kg Gleithammer<\/p>\n<p>Handauszugsystem mit versch. K\u00f6pfen<\/p>\n<p>Ausziehbr\u00fccke mit Scherenmechanik (0,9m)<\/p>\n<p>6-Haken-Kralle f\u00fcr Ausziehbr\u00fccke<\/p>\n<p><strong>Ausbeulstationen CEBOLINER T-SPOT<\/strong><\/p>\n<p>Lieferumfang:<\/p>\n<p>Kompletter, gro\u00dfer Fahrwagen mit Hakensatz<\/p>\n<p><strong>Multifunktionsspotter T-SPOT 120 <\/strong>f\u00fcr Stahl mit Massekabel mit Masseanschwei\u00dfschraube und Multifunktionspistole<\/p>\n<p>Zubeh\u00f6rsortiment f\u00fcr Spotter<\/p>\n<p>Elektrode f\u00fcr Langlochpins<\/p>\n<p>Langlochpins gedreht &amp; gerade (je 150 Stk.)<\/p>\n<p>Bit Cutter zur Bearbeitung der Pins<\/p>\n<p>Sliding Puller Set &amp; SUPER ELEKTRODE<\/p>\n<p>FAST PULLER Handauszugsystem mit 7 verschiedenen Vors\u00e4tzen<\/p>\n<p>Ausziehbr\u00fccke mit Scherenmechanik (0,9m)<\/p>\n<p>zus\u00e4tzliche, lange Ausziehbr\u00fccken (1,2m + 1,6m)<\/p>\n<p>6-Haken-Kralle f\u00fcr Ausziehbr\u00fccken<\/p>\n<p>Klebekoffer gross<\/p>\n<p>ELECTROPOWER Basis-Set &amp; Wechselakku<\/p>\n<p>Zus\u00e4tzlich zur Version T-SPOT enth\u00e4lt die Version <strong>CEBOLINER TOPLINE<\/strong> das folgende Zubeh\u00f6r f\u00fcr Ausbeularbeiten an Aluminiumblechen:<\/p>\n<p>TSW 1500 CAR ALUSPOTTER<\/p>\n<p>Ausziehbr\u00fccke Alu (0,9 m) mit 3 Schraubsystemen zum parallelen Ausziehen<\/p>\n<p>Alu-Verarbeitungsset (Bunsenbrenner, W\u00e4rmeschutzpaste und Eisschockspray)<\/p>\n<p>Alu-Anschwei\u00dfbolzen (AlSi12 + AlMg3 je 100 St\u00fcck)<\/p>\n<p>Zug\u00f6sen zum Aufschrauben auf Alubolzen<\/p>\n<p>Alu-Hammerset (7-teilig)<\/p>\n","protected":false},"excerpt":{"rendered":"<p>Die Ausbeulstationen CEBOLINER sind in verschiedenen Varianten erh\u00e4ltlich, die f\u00fcr die entsprechenden Einsatzzwecke mit allem n\u00f6tigen Zubeh\u00f6r ausgestattet sind. Werksempfehlungen von Ford und Nissan Europe &#8211; weitere in Vorbereitung Als Erg\u00e4nzung dazu gibt es unseren mobilen CEBOLINER FAST-PULLER Zugturm, der sich per Druckluft am Boden fest saugt und mit dem ELECTRO POWER kombinieren l\u00e4sst. Ausbeulstation [&hellip;]<\/p>\n","protected":false},"featured_media":8867,"template":"","meta":{"ocean_post_layout":"","ocean_both_sidebars_style":"","ocean_both_sidebars_content_width":0,"ocean_both_sidebars_sidebars_width":0,"ocean_sidebar":"0","ocean_second_sidebar":"0","ocean_disable_margins":"enable","ocean_add_body_class":"","ocean_shortcode_before_top_bar":"","ocean_shortcode_after_top_bar":"","ocean_shortcode_before_header":"","ocean_shortcode_after_header":"","ocean_has_shortcode":"","ocean_shortcode_after_title":"","ocean_shortcode_before_footer_widgets":"","ocean_shortcode_after_footer_widgets":"","ocean_shortcode_before_footer_bottom":"","ocean_shortcode_after_footer_bottom":"","ocean_display_top_bar":"default","ocean_display_header":"default","ocean_header_style":"","ocean_center_header_left_menu":"0","ocean_custom_header_template":"0","ocean_custom_logo":0,"ocean_custom_retina_logo":0,"ocean_custom_logo_max_width":0,"ocean_custom_logo_tablet_max_width":0,"ocean_custom_logo_mobile_max_width":0,"ocean_custom_logo_max_height":0,"ocean_custom_logo_tablet_max_height":0,"ocean_custom_logo_mobile_max_height":0,"ocean_header_custom_menu":"0","ocean_menu_typo_font_family":"0","ocean_menu_typo_font_subset":"","ocean_menu_typo_font_size":0,"ocean_menu_typo_font_size_tablet":0,"ocean_menu_typo_font_size_mobile":0,"ocean_menu_typo_font_size_unit":"px","ocean_menu_typo_font_weight":"","ocean_menu_typo_font_weight_tablet":"","ocean_menu_typo_font_weight_mobile":"","ocean_menu_typo_transform":"","ocean_menu_typo_transform_tablet":"","ocean_menu_typo_transform_mobile":"","ocean_menu_typo_line_height":0,"ocean_menu_typo_line_height_tablet":0,"ocean_menu_typo_line_height_mobile":0,"ocean_menu_typo_line_height_unit":"","ocean_menu_typo_spacing":0,"ocean_menu_typo_spacing_tablet":0,"ocean_menu_typo_spacing_mobile":0,"ocean_menu_typo_spacing_unit":"","ocean_menu_link_color":"","ocean_menu_link_color_hover":"","ocean_menu_link_color_active":"","ocean_menu_link_background":"","ocean_menu_link_hover_background":"","ocean_menu_link_active_background":"","ocean_menu_social_links_bg":"","ocean_menu_social_hover_links_bg":"","ocean_menu_social_links_color":"","ocean_menu_social_hover_links_color":"","ocean_disable_title":"default","ocean_disable_heading":"default","ocean_post_title":"","ocean_post_subheading":"","ocean_post_title_style":"","ocean_post_title_background_color":"","ocean_post_title_background":0,"ocean_post_title_bg_image_position":"","ocean_post_title_bg_image_attachment":"","ocean_post_title_bg_image_repeat":"","ocean_post_title_bg_image_size":"","ocean_post_title_height":0,"ocean_post_title_bg_overlay":0.5,"ocean_post_title_bg_overlay_color":"","ocean_disable_breadcrumbs":"default","ocean_breadcrumbs_color":"","ocean_breadcrumbs_separator_color":"","ocean_breadcrumbs_links_color":"","ocean_breadcrumbs_links_hover_color":"","ocean_display_footer_widgets":"default","ocean_display_footer_bottom":"default","ocean_custom_footer_template":"0"},"product_brand":[],"product_cat":[113,110,116],"product_tag":[],"class_list":{"0":"post-8866","1":"product","2":"type-product","3":"status-publish","4":"has-post-thumbnail","6":"product_cat-produkte-ausbeulen-aluminium","7":"product_cat-produkte-ausbeulen-stahl","8":"product_cat-produkte-ausbeulen-zugsysteme","10":"entry","11":"has-media","13":"first","14":"instock","15":"shipping-taxable","16":"product-type-simple","17":"has-product-nav","18":"col","19":"span_1_of_3","20":"owp-content-center","21":"owp-thumbs-layout-horizontal","22":"owp-btn-normal","23":"owp-tabs-layout-horizontal","24":"has-no-thumbnails"},"jetpack_sharing_enabled":true,"_links":{"self":[{"href":"https:\/\/kopie.cebotech.de\/index.php?rest_route=\/wp\/v2\/product\/8866","targetHints":{"allow":["GET"]}}],"collection":[{"href":"https:\/\/kopie.cebotech.de\/index.php?rest_route=\/wp\/v2\/product"}],"about":[{"href":"https:\/\/kopie.cebotech.de\/index.php?rest_route=\/wp\/v2\/types\/product"}],"wp:featuredmedia":[{"embeddable":true,"href":"https:\/\/kopie.cebotech.de\/index.php?rest_route=\/wp\/v2\/media\/8867"}],"wp:attachment":[{"href":"https:\/\/kopie.cebotech.de\/index.php?rest_route=%2Fwp%2Fv2%2Fmedia&parent=8866"}],"wp:term":[{"taxonomy":"product_brand","embeddable":true,"href":"https:\/\/kopie.cebotech.de\/index.php?rest_route=%2Fwp%2Fv2%2Fproduct_brand&post=8866"},{"taxonomy":"product_cat","embeddable":true,"href":"https:\/\/kopie.cebotech.de\/index.php?rest_route=%2Fwp%2Fv2%2Fproduct_cat&post=8866"},{"taxonomy":"product_tag","embeddable":true,"href":"https:\/\/kopie.cebotech.de\/index.php?rest_route=%2Fwp%2Fv2%2Fproduct_tag&post=8866"}],"curies":[{"name":"wp","href":"https:\/\/api.w.org\/{rel}","templated":true}]}}