{"id":8871,"date":"2024-07-16T12:10:46","date_gmt":"2024-07-16T12:10:46","guid":{"rendered":"https:\/\/kopie.cebotech.de\/?post_type=product&#038;p=8871"},"modified":"2026-02-11T08:34:28","modified_gmt":"2026-02-11T08:34:28","slug":"ultraweld","status":"publish","type":"product","link":"https:\/\/kopie.cebotech.de\/?product=ultraweld","title":{"rendered":"ULTRAWELD"},"content":{"rendered":"<div class=\"page\" title=\"Page 1\">\n<div class=\"section\">\n<div class=\"layoutArea\">\n<div class=\"column\">\n<p><strong>Ultraschall Kunststoffschwei\u00dfgera\u0308t fu\u0308r professionelle Reparatur von Sto\u00dffa\u0308ngern<\/strong><\/p>\n<div class=\"page\" title=\"Page 1\">\n<div class=\"section\">\n<div class=\"layoutArea\">\n<div class=\"column\">\n<p>Ultraschall ermo\u0308glicht eine schnellere und einfachere Reparatur bescha\u0308digter Sto\u00dffa\u0308nger und anderer Kunststoffteile<\/p>\n<p>Warum ULTRAWELD effizienter ist:<\/p>\n<p>Das o\u0308rtliche, pra\u0308zise Verbinden von Kunststoffmaterialien mittels Ultraschallschwei\u00dfen unterscheidet sich vo\u0308llig vom \u201ehei\u00dfen\u201c Schwei\u00dfen oder Kleben. Seine Vielfalt liegt im strukturellen Ergebnis der Schwei\u00dfung: Die beiden ultraschallgeschwei\u00dften Teile verschmelzen, dringen ineinander ein und bilden ein einziges Werkstu\u0308ck ohne Erwa\u0308rmung von au\u00dfen in extrem kurzer Zeit.<\/p>\n<p>KEINE KLEBSTOFFE ODER ZUSATZSTOFFE ERFORDERLICH EINFACHE REPARATUR VON:<\/p>\n<p>\u25fc PDC Haltern \u25fc Sto\u00dffa\u0308ngern \u25fc Kunstoffteilen<\/p>\n<p>Lieferumfang:<\/p>\n<ul>\n<li>\u25fc \u00a0Gera\u0308t mit Netzkabel und Schukostecker<\/li>\n<li>\u25fc \u00a0Touch Screen Bedieneinheit mit Timerfunktion<\/li>\n<li>\u25fc \u00a0Ultraschallschwei\u00dfpistole mit 1,1 m Kabel<\/li>\n<li>\u25fc \u00a01 Sonotroden aus Titan (1 x Sonotrode 75 mm 12-Pin)<\/li>\n<li>\u25fc \u00a02 Maulschlu\u0308ssel (18 mm + 36 mm)<\/li>\n<li>\u25fc \u00a01 Innensechskantschlu\u0308ssel 2,5 mm fu\u0308r 2 Madenschrauben<strong>Technische Daten:\u00a0<\/strong><\/li>\n<\/ul>\n<\/div>\n<\/div>\n<table>\n<colgroup>\n<col \/>\n<col \/><\/colgroup>\n<tbody>\n<tr>\n<td>\n<div class=\"layoutArea\">\n<div class=\"column\">\n<p>Netzanschluss<\/p>\n<\/div>\n<\/div>\n<\/td>\n<td>\n<div class=\"layoutArea\">\n<div class=\"column\">\n<p>230 V 1 Ph.<\/p>\n<\/div>\n<\/div>\n<\/td>\n<\/tr>\n<tr>\n<td>\n<div class=\"layoutArea\">\n<div class=\"column\">\n<p>Sicherung<\/p>\n<\/div>\n<\/div>\n<\/td>\n<td>\n<div class=\"layoutArea\">\n<div class=\"column\">\n<p>16 A<\/p>\n<\/div>\n<\/div>\n<\/td>\n<\/tr>\n<tr>\n<td>\n<div class=\"layoutArea\">\n<div class=\"column\">\n<p>Netzkabel<\/p>\n<\/div>\n<\/div>\n<\/td>\n<td>\n<div class=\"layoutArea\">\n<div class=\"column\">\n<p>8m<\/p>\n<\/div>\n<\/div>\n<\/td>\n<\/tr>\n<tr>\n<td>\n<div class=\"layoutArea\">\n<div class=\"column\">\n<p>Arbeitsfrequenz<\/p>\n<\/div>\n<\/div>\n<\/td>\n<td>\n<div class=\"layoutArea\">\n<div class=\"column\">\n<p>540 kHz<\/p>\n<\/div>\n<\/div>\n<\/td>\n<\/tr>\n<tr>\n<td>\n<div class=\"layoutArea\">\n<div class=\"column\">\n<p>Abmessungen (L X B X H)<\/p>\n<\/div>\n<\/div>\n<\/td>\n<td>\n<div class=\"layoutArea\">\n<div class=\"column\">\n<p>490x340x830 mm<\/p>\n<\/div>\n<\/div>\n<\/td>\n<\/tr>\n<tr>\n<td>\n<div class=\"layoutArea\">\n<div class=\"column\">\n<p>Schutzklasse<\/p>\n<\/div>\n<\/div>\n<\/td>\n<td>\n<div class=\"layoutArea\">\n<div class=\"column\">\n<p>IP 21<\/p>\n<\/div>\n<\/div>\n<\/td>\n<\/tr>\n<tr>\n<td>\n<div class=\"layoutArea\">\n<div class=\"column\">\n<p>Gewicht<\/p>\n<\/div>\n<\/div>\n<\/td>\n<td>\n<div class=\"layoutArea\">\n<div class=\"column\">\n<p>40 kg<\/p>\n<\/div>\n<\/div>\n<\/td>\n<\/tr>\n<\/tbody>\n<\/table>\n<\/div>\n<\/div>\n<\/div>\n<\/div>\n<\/div>\n<\/div>\n<p>&nbsp;<\/p>\n<p>Zum <a href=\"https:\/\/www.youtube.com\/watch?v=ez1XT-7jo8U\">Produktvideo<\/a><\/p>\n<p>Produktinformationen hier <a href=\"https:\/\/kopie.cebotech.de\/wp-content\/uploads\/2024\/07\/Ultraweld_2024_DE.pdf\">downloaden<\/a>.<\/p>\n","protected":false},"excerpt":{"rendered":"<p>Ultraschall Kunststoffschwei\u00dfgera\u0308t fu\u0308r professionelle Reparatur von Sto\u00dffa\u0308ngern Ultraschall ermo\u0308glicht eine schnellere und einfachere Reparatur bescha\u0308digter Sto\u00dffa\u0308nger und anderer Kunststoffteile Warum ULTRAWELD effizienter ist: Das o\u0308rtliche, pra\u0308zise Verbinden von Kunststoffmaterialien mittels Ultraschallschwei\u00dfen unterscheidet sich vo\u0308llig vom \u201ehei\u00dfen\u201c Schwei\u00dfen oder Kleben. Seine Vielfalt liegt im strukturellen Ergebnis der Schwei\u00dfung: Die beiden ultraschallgeschwei\u00dften Teile verschmelzen, dringen ineinander ein [&hellip;]<\/p>\n","protected":false},"featured_media":8873,"template":"","meta":{"ocean_post_layout":"","ocean_both_sidebars_style":"","ocean_both_sidebars_content_width":0,"ocean_both_sidebars_sidebars_width":0,"ocean_sidebar":"0","ocean_second_sidebar":"0","ocean_disable_margins":"enable","ocean_add_body_class":"","ocean_shortcode_before_top_bar":"","ocean_shortcode_after_top_bar":"","ocean_shortcode_before_header":"","ocean_shortcode_after_header":"","ocean_has_shortcode":"","ocean_shortcode_after_title":"","ocean_shortcode_before_footer_widgets":"","ocean_shortcode_after_footer_widgets":"","ocean_shortcode_before_footer_bottom":"","ocean_shortcode_after_footer_bottom":"","ocean_display_top_bar":"off","ocean_display_header":"default","ocean_header_style":"","ocean_center_header_left_menu":"0","ocean_custom_header_template":"0","ocean_custom_logo":0,"ocean_custom_retina_logo":0,"ocean_custom_logo_max_width":0,"ocean_custom_logo_tablet_max_width":0,"ocean_custom_logo_mobile_max_width":0,"ocean_custom_logo_max_height":0,"ocean_custom_logo_tablet_max_height":0,"ocean_custom_logo_mobile_max_height":0,"ocean_header_custom_menu":"0","ocean_menu_typo_font_family":"0","ocean_menu_typo_font_subset":"","ocean_menu_typo_font_size":0,"ocean_menu_typo_font_size_tablet":0,"ocean_menu_typo_font_size_mobile":0,"ocean_menu_typo_font_size_unit":"px","ocean_menu_typo_font_weight":"","ocean_menu_typo_font_weight_tablet":"","ocean_menu_typo_font_weight_mobile":"","ocean_menu_typo_transform":"","ocean_menu_typo_transform_tablet":"","ocean_menu_typo_transform_mobile":"","ocean_menu_typo_line_height":0,"ocean_menu_typo_line_height_tablet":0,"ocean_menu_typo_line_height_mobile":0,"ocean_menu_typo_line_height_unit":"","ocean_menu_typo_spacing":0,"ocean_menu_typo_spacing_tablet":0,"ocean_menu_typo_spacing_mobile":0,"ocean_menu_typo_spacing_unit":"","ocean_menu_link_color":"","ocean_menu_link_color_hover":"","ocean_menu_link_color_active":"","ocean_menu_link_background":"","ocean_menu_link_hover_background":"","ocean_menu_link_active_background":"","ocean_menu_social_links_bg":"","ocean_menu_social_hover_links_bg":"","ocean_menu_social_links_color":"","ocean_menu_social_hover_links_color":"","ocean_disable_title":"on","ocean_disable_heading":"default","ocean_post_title":"","ocean_post_subheading":"","ocean_post_title_style":"","ocean_post_title_background_color":"","ocean_post_title_background":0,"ocean_post_title_bg_image_position":"","ocean_post_title_bg_image_attachment":"","ocean_post_title_bg_image_repeat":"","ocean_post_title_bg_image_size":"","ocean_post_title_height":0,"ocean_post_title_bg_overlay":0.5,"ocean_post_title_bg_overlay_color":"","ocean_disable_breadcrumbs":"default","ocean_breadcrumbs_color":"","ocean_breadcrumbs_separator_color":"","ocean_breadcrumbs_links_color":"","ocean_breadcrumbs_links_hover_color":"","ocean_display_footer_widgets":"off","ocean_display_footer_bottom":"default","ocean_custom_footer_template":"0"},"product_brand":[],"product_cat":[138],"product_tag":[],"class_list":{"0":"post-8871","1":"product","2":"type-product","3":"status-publish","4":"has-post-thumbnail","6":"product_cat-produkte-kunststoff-reparieren","8":"entry","9":"has-media","11":"first","12":"instock","13":"shipping-taxable","14":"product-type-simple","15":"has-product-nav","16":"col","17":"span_1_of_3","18":"owp-content-center","19":"owp-thumbs-layout-horizontal","20":"owp-btn-normal","21":"owp-tabs-layout-horizontal"},"jetpack_sharing_enabled":true,"_links":{"self":[{"href":"https:\/\/kopie.cebotech.de\/index.php?rest_route=\/wp\/v2\/product\/8871","targetHints":{"allow":["GET"]}}],"collection":[{"href":"https:\/\/kopie.cebotech.de\/index.php?rest_route=\/wp\/v2\/product"}],"about":[{"href":"https:\/\/kopie.cebotech.de\/index.php?rest_route=\/wp\/v2\/types\/product"}],"wp:featuredmedia":[{"embeddable":true,"href":"https:\/\/kopie.cebotech.de\/index.php?rest_route=\/wp\/v2\/media\/8873"}],"wp:attachment":[{"href":"https:\/\/kopie.cebotech.de\/index.php?rest_route=%2Fwp%2Fv2%2Fmedia&parent=8871"}],"wp:term":[{"taxonomy":"product_brand","embeddable":true,"href":"https:\/\/kopie.cebotech.de\/index.php?rest_route=%2Fwp%2Fv2%2Fproduct_brand&post=8871"},{"taxonomy":"product_cat","embeddable":true,"href":"https:\/\/kopie.cebotech.de\/index.php?rest_route=%2Fwp%2Fv2%2Fproduct_cat&post=8871"},{"taxonomy":"product_tag","embeddable":true,"href":"https:\/\/kopie.cebotech.de\/index.php?rest_route=%2Fwp%2Fv2%2Fproduct_tag&post=8871"}],"curies":[{"name":"wp","href":"https:\/\/api.w.org\/{rel}","templated":true}]}}