{"id":976,"date":"2021-10-25T06:59:25","date_gmt":"2021-10-25T06:59:25","guid":{"rendered":"https:\/\/kopie.cebotech.de\/?post_type=product&#038;p=976"},"modified":"2022-10-26T16:43:13","modified_gmt":"2022-10-26T16:43:13","slug":"schweissschutzdecke-typ-sirius-100x200-cm","status":"publish","type":"product","link":"https:\/\/kopie.cebotech.de\/?product=schweissschutzdecke-typ-sirius-100x200-cm","title":{"rendered":"Schwei\u00dfschutzdecke Typ Sirius 100&#215;200 cm"},"content":{"rendered":"<p>Mit diesen <strong>Schwei\u00dfschutzdecken<\/strong> k\u00f6nnen Sie beispielsweise, Schwei\u00dfarbeiten am Fahrzeug durchf\u00fchren ohne Sitze, Himmel oder andere Verkleidungen m\u00fchsam zu demontieren.<br \/>\nKonfektionierte Decken werden mit Kevlargarn gekettelt und k\u00f6nnen sowohl f\u00fcr horizontale<br \/>\nals auch vertikale Schutzzwecke eingesetzt werden.<\/p>\n<p>Anwendungsbeispiele:<br \/>\n&#8211; Bei Reparatur- und Wartungsarbeiten<br \/>\n&#8211; Schwei\u00df- oder Schleifvorhang<br \/>\n&#8211; Schutz von empfindlichen Teilen vor Funken<\/p>\n<p>SIRIUS<br \/>\nMaterial: Carbonvlies verst\u00e4rkt mit Glasgewebe, r\u00fcchseitig PUbeschichtet<br \/>\nH\u00f6chsttemperatur: 1000 \u00b0C<br \/>\nDauertemperatur: 550 \u00b0C<br \/>\nGewicht: 530 g\/m\u00b2<br \/>\nFarbe: Schwarz<\/p>\n<p>&nbsp;<\/p>\n<p><strong>Produktinformationen<\/strong> hier <a href=\"https:\/\/kopie.cebotech.de\/wp-content\/uploads\/2021\/10\/Schweissschutzdecken-1.pdf\">downloaden<\/a>.<\/p>\n","protected":false},"excerpt":{"rendered":"<p>Mit diesen Schwei\u00dfschutzdecken k\u00f6nnen Sie beispielsweise, Schwei\u00dfarbeiten am Fahrzeug durchf\u00fchren ohne Sitze, Himmel oder andere Verkleidungen m\u00fchsam zu demontieren. Konfektionierte Decken werden mit Kevlargarn gekettelt und k\u00f6nnen sowohl f\u00fcr horizontale als auch vertikale Schutzzwecke eingesetzt werden. Anwendungsbeispiele: &#8211; Bei Reparatur- und Wartungsarbeiten &#8211; Schwei\u00df- oder Schleifvorhang &#8211; Schutz von empfindlichen Teilen vor Funken SIRIUS Material: [&hellip;]<\/p>\n","protected":false},"featured_media":977,"template":"","meta":{"ocean_post_layout":"","ocean_both_sidebars_style":"","ocean_both_sidebars_content_width":0,"ocean_both_sidebars_sidebars_width":0,"ocean_sidebar":"0","ocean_second_sidebar":"0","ocean_disable_margins":"enable","ocean_add_body_class":"","ocean_shortcode_before_top_bar":"","ocean_shortcode_after_top_bar":"","ocean_shortcode_before_header":"","ocean_shortcode_after_header":"","ocean_has_shortcode":"","ocean_shortcode_after_title":"","ocean_shortcode_before_footer_widgets":"","ocean_shortcode_after_footer_widgets":"","ocean_shortcode_before_footer_bottom":"","ocean_shortcode_after_footer_bottom":"","ocean_display_top_bar":"off","ocean_display_header":"default","ocean_header_style":"","ocean_center_header_left_menu":"0","ocean_custom_header_template":"0","ocean_custom_logo":0,"ocean_custom_retina_logo":0,"ocean_custom_logo_max_width":0,"ocean_custom_logo_tablet_max_width":0,"ocean_custom_logo_mobile_max_width":0,"ocean_custom_logo_max_height":0,"ocean_custom_logo_tablet_max_height":0,"ocean_custom_logo_mobile_max_height":0,"ocean_header_custom_menu":"0","ocean_menu_typo_font_family":"0","ocean_menu_typo_font_subset":"","ocean_menu_typo_font_size":0,"ocean_menu_typo_font_size_tablet":0,"ocean_menu_typo_font_size_mobile":0,"ocean_menu_typo_font_size_unit":"px","ocean_menu_typo_font_weight":"","ocean_menu_typo_font_weight_tablet":"","ocean_menu_typo_font_weight_mobile":"","ocean_menu_typo_transform":"","ocean_menu_typo_transform_tablet":"","ocean_menu_typo_transform_mobile":"","ocean_menu_typo_line_height":0,"ocean_menu_typo_line_height_tablet":0,"ocean_menu_typo_line_height_mobile":0,"ocean_menu_typo_line_height_unit":"","ocean_menu_typo_spacing":0,"ocean_menu_typo_spacing_tablet":0,"ocean_menu_typo_spacing_mobile":0,"ocean_menu_typo_spacing_unit":"","ocean_menu_link_color":"","ocean_menu_link_color_hover":"","ocean_menu_link_color_active":"","ocean_menu_link_background":"","ocean_menu_link_hover_background":"","ocean_menu_link_active_background":"","ocean_menu_social_links_bg":"","ocean_menu_social_hover_links_bg":"","ocean_menu_social_links_color":"","ocean_menu_social_hover_links_color":"","ocean_disable_title":"on","ocean_disable_heading":"default","ocean_post_title":"","ocean_post_subheading":"","ocean_post_title_style":"","ocean_post_title_background_color":"","ocean_post_title_background":0,"ocean_post_title_bg_image_position":"","ocean_post_title_bg_image_attachment":"","ocean_post_title_bg_image_repeat":"","ocean_post_title_bg_image_size":"","ocean_post_title_height":0,"ocean_post_title_bg_overlay":0.5,"ocean_post_title_bg_overlay_color":"","ocean_disable_breadcrumbs":"default","ocean_breadcrumbs_color":"","ocean_breadcrumbs_separator_color":"","ocean_breadcrumbs_links_color":"","ocean_breadcrumbs_links_hover_color":"","ocean_display_footer_widgets":"off","ocean_display_footer_bottom":"default","ocean_custom_footer_template":"0"},"product_brand":[],"product_cat":[148],"product_tag":[],"class_list":{"0":"post-976","1":"product","2":"type-product","3":"status-publish","4":"has-post-thumbnail","6":"product_cat-produkte-schweisserschutz","8":"entry","9":"has-media","11":"first","12":"instock","13":"virtual","14":"purchasable","15":"product-type-simple","16":"has-product-nav","17":"col","18":"span_1_of_3","19":"owp-content-center","20":"owp-thumbs-layout-horizontal","21":"owp-btn-normal","22":"owp-tabs-layout-horizontal","23":"has-no-thumbnails"},"jetpack_sharing_enabled":true,"_links":{"self":[{"href":"https:\/\/kopie.cebotech.de\/index.php?rest_route=\/wp\/v2\/product\/976","targetHints":{"allow":["GET"]}}],"collection":[{"href":"https:\/\/kopie.cebotech.de\/index.php?rest_route=\/wp\/v2\/product"}],"about":[{"href":"https:\/\/kopie.cebotech.de\/index.php?rest_route=\/wp\/v2\/types\/product"}],"wp:featuredmedia":[{"embeddable":true,"href":"https:\/\/kopie.cebotech.de\/index.php?rest_route=\/wp\/v2\/media\/977"}],"wp:attachment":[{"href":"https:\/\/kopie.cebotech.de\/index.php?rest_route=%2Fwp%2Fv2%2Fmedia&parent=976"}],"wp:term":[{"taxonomy":"product_brand","embeddable":true,"href":"https:\/\/kopie.cebotech.de\/index.php?rest_route=%2Fwp%2Fv2%2Fproduct_brand&post=976"},{"taxonomy":"product_cat","embeddable":true,"href":"https:\/\/kopie.cebotech.de\/index.php?rest_route=%2Fwp%2Fv2%2Fproduct_cat&post=976"},{"taxonomy":"product_tag","embeddable":true,"href":"https:\/\/kopie.cebotech.de\/index.php?rest_route=%2Fwp%2Fv2%2Fproduct_tag&post=976"}],"curies":[{"name":"wp","href":"https:\/\/api.w.org\/{rel}","templated":true}]}}