{"id":993,"date":"2021-10-25T07:16:04","date_gmt":"2021-10-25T07:16:04","guid":{"rendered":"https:\/\/kopie.cebotech.de\/?post_type=product&#038;p=993"},"modified":"2022-10-26T16:43:03","modified_gmt":"2022-10-26T16:43:03","slug":"schweissschutzhuelle-fuer-transporter-tueren-170x130-cm","status":"publish","type":"product","link":"https:\/\/kopie.cebotech.de\/?product=schweissschutzhuelle-fuer-transporter-tueren-170x130-cm","title":{"rendered":"Schwei\u00dfschutzh\u00fclle f\u00fcr Transporter-T\u00fcren 170&#215;130 cm"},"content":{"rendered":"<p><strong>Schwei\u00dfschutzh\u00fclle<\/strong> f\u00fcr Transporter-T\u00fcren 2 seitig abgen\u00e4ht<\/p>\n<p>Mit diesen Schwei\u00dfschutzdecken k\u00f6nnen Sie beispielsweise, Schwei\u00dfarbeiten am Fahrzeug durchf\u00fchren ohne Sitze, Himmel oder andere Verkleidungen m\u00fchsam zu demontieren.<br \/>\nKonfektionierte Decken werden mit Kevlargarn gekettelt und k\u00f6nnen sowohl f\u00fcr horizontale<br \/>\nals auch vertikale Schutzzwecke eingesetzt werden.<\/p>\n<p>Anwendungsbeispiele:<br \/>\n&#8211; Bei Reparatur- und Wartungsarbeiten<br \/>\n&#8211; Schwei\u00df- oder Schleifvorhang<br \/>\n&#8211; Schutz von empfindlichen Teilen vor Funken<\/p>\n<p>KRONOS<br \/>\nMaterial: Filament Glasfaser, einseitig PU<br \/>\nH\u00f6chsttemperatur: 840 \u00b0C<br \/>\nDauertemperatur: 750 \u00b0C<br \/>\nGewicht: 420 g\/m\u00b2<br \/>\nFarbe: Grau<\/p>\n<p>&nbsp;<\/p>\n<p><strong>Produktinformationen<\/strong> hier <a href=\"https:\/\/kopie.cebotech.de\/wp-content\/uploads\/2021\/10\/Schweissschutzdecken-1.pdf\">downloaden<\/a>.<\/p>\n","protected":false},"excerpt":{"rendered":"<p>Schwei\u00dfschutzh\u00fclle f\u00fcr Transporter-T\u00fcren 2 seitig abgen\u00e4ht Mit diesen Schwei\u00dfschutzdecken k\u00f6nnen Sie beispielsweise, Schwei\u00dfarbeiten am Fahrzeug durchf\u00fchren ohne Sitze, Himmel oder andere Verkleidungen m\u00fchsam zu demontieren. Konfektionierte Decken werden mit Kevlargarn gekettelt und k\u00f6nnen sowohl f\u00fcr horizontale als auch vertikale Schutzzwecke eingesetzt werden. Anwendungsbeispiele: &#8211; Bei Reparatur- und Wartungsarbeiten &#8211; Schwei\u00df- oder Schleifvorhang &#8211; Schutz von [&hellip;]<\/p>\n","protected":false},"featured_media":991,"template":"","meta":{"ocean_post_layout":"","ocean_both_sidebars_style":"","ocean_both_sidebars_content_width":0,"ocean_both_sidebars_sidebars_width":0,"ocean_sidebar":"0","ocean_second_sidebar":"0","ocean_disable_margins":"enable","ocean_add_body_class":"","ocean_shortcode_before_top_bar":"","ocean_shortcode_after_top_bar":"","ocean_shortcode_before_header":"","ocean_shortcode_after_header":"","ocean_has_shortcode":"","ocean_shortcode_after_title":"","ocean_shortcode_before_footer_widgets":"","ocean_shortcode_after_footer_widgets":"","ocean_shortcode_before_footer_bottom":"","ocean_shortcode_after_footer_bottom":"","ocean_display_top_bar":"off","ocean_display_header":"default","ocean_header_style":"","ocean_center_header_left_menu":"0","ocean_custom_header_template":"0","ocean_custom_logo":0,"ocean_custom_retina_logo":0,"ocean_custom_logo_max_width":0,"ocean_custom_logo_tablet_max_width":0,"ocean_custom_logo_mobile_max_width":0,"ocean_custom_logo_max_height":0,"ocean_custom_logo_tablet_max_height":0,"ocean_custom_logo_mobile_max_height":0,"ocean_header_custom_menu":"0","ocean_menu_typo_font_family":"0","ocean_menu_typo_font_subset":"","ocean_menu_typo_font_size":0,"ocean_menu_typo_font_size_tablet":0,"ocean_menu_typo_font_size_mobile":0,"ocean_menu_typo_font_size_unit":"px","ocean_menu_typo_font_weight":"","ocean_menu_typo_font_weight_tablet":"","ocean_menu_typo_font_weight_mobile":"","ocean_menu_typo_transform":"","ocean_menu_typo_transform_tablet":"","ocean_menu_typo_transform_mobile":"","ocean_menu_typo_line_height":0,"ocean_menu_typo_line_height_tablet":0,"ocean_menu_typo_line_height_mobile":0,"ocean_menu_typo_line_height_unit":"","ocean_menu_typo_spacing":0,"ocean_menu_typo_spacing_tablet":0,"ocean_menu_typo_spacing_mobile":0,"ocean_menu_typo_spacing_unit":"","ocean_menu_link_color":"","ocean_menu_link_color_hover":"","ocean_menu_link_color_active":"","ocean_menu_link_background":"","ocean_menu_link_hover_background":"","ocean_menu_link_active_background":"","ocean_menu_social_links_bg":"","ocean_menu_social_hover_links_bg":"","ocean_menu_social_links_color":"","ocean_menu_social_hover_links_color":"","ocean_disable_title":"on","ocean_disable_heading":"default","ocean_post_title":"","ocean_post_subheading":"","ocean_post_title_style":"","ocean_post_title_background_color":"","ocean_post_title_background":0,"ocean_post_title_bg_image_position":"","ocean_post_title_bg_image_attachment":"","ocean_post_title_bg_image_repeat":"","ocean_post_title_bg_image_size":"","ocean_post_title_height":0,"ocean_post_title_bg_overlay":0.5,"ocean_post_title_bg_overlay_color":"","ocean_disable_breadcrumbs":"default","ocean_breadcrumbs_color":"","ocean_breadcrumbs_separator_color":"","ocean_breadcrumbs_links_color":"","ocean_breadcrumbs_links_hover_color":"","ocean_display_footer_widgets":"off","ocean_display_footer_bottom":"default","ocean_custom_footer_template":"0"},"product_brand":[],"product_cat":[148],"product_tag":[],"class_list":{"0":"post-993","1":"product","2":"type-product","3":"status-publish","4":"has-post-thumbnail","6":"product_cat-produkte-schweisserschutz","8":"entry","9":"has-media","11":"first","12":"instock","13":"virtual","14":"purchasable","15":"product-type-simple","16":"has-product-nav","17":"col","18":"span_1_of_3","19":"owp-content-center","20":"owp-thumbs-layout-horizontal","21":"owp-btn-normal","22":"owp-tabs-layout-horizontal"},"jetpack_sharing_enabled":true,"_links":{"self":[{"href":"https:\/\/kopie.cebotech.de\/index.php?rest_route=\/wp\/v2\/product\/993","targetHints":{"allow":["GET"]}}],"collection":[{"href":"https:\/\/kopie.cebotech.de\/index.php?rest_route=\/wp\/v2\/product"}],"about":[{"href":"https:\/\/kopie.cebotech.de\/index.php?rest_route=\/wp\/v2\/types\/product"}],"wp:featuredmedia":[{"embeddable":true,"href":"https:\/\/kopie.cebotech.de\/index.php?rest_route=\/wp\/v2\/media\/991"}],"wp:attachment":[{"href":"https:\/\/kopie.cebotech.de\/index.php?rest_route=%2Fwp%2Fv2%2Fmedia&parent=993"}],"wp:term":[{"taxonomy":"product_brand","embeddable":true,"href":"https:\/\/kopie.cebotech.de\/index.php?rest_route=%2Fwp%2Fv2%2Fproduct_brand&post=993"},{"taxonomy":"product_cat","embeddable":true,"href":"https:\/\/kopie.cebotech.de\/index.php?rest_route=%2Fwp%2Fv2%2Fproduct_cat&post=993"},{"taxonomy":"product_tag","embeddable":true,"href":"https:\/\/kopie.cebotech.de\/index.php?rest_route=%2Fwp%2Fv2%2Fproduct_tag&post=993"}],"curies":[{"name":"wp","href":"https:\/\/api.w.org\/{rel}","templated":true}]}}